{"id":29246,"date":"2025-12-22T16:09:46","date_gmt":"2025-12-23T00:09:46","guid":{"rendered":"https:\/\/vatpe.com\/?page_id=29246"},"modified":"2026-02-28T17:17:58","modified_gmt":"2026-03-01T01:17:58","slug":"wholesale-and-dealer-program","status":"publish","type":"page","link":"https:\/\/vazpe.com\/sl\/wholesale-and-dealer-program\/","title":{"rendered":"Veleprodajni in prodajalski program"},"content":{"rendered":"<div class=\"vazpe-main\">\n    <div class=\"vazpe-container\">\n        <div class=\"vazpe-page-header\">\n            <h1 class=\"vazpe-title-xl\">Veleprodajni, trgovski &#038; OEM program<\/h1>\n            <p class=\"vazpe-text\">Sodelujte neposredno s proizvajalcem za neprekosljive mar\u017ee, vrhunsko kakovost in prilagodljive poslovne re\u0161itve.<\/p>\n        <\/div>\n\n        <div class=\"vazpe-page-content\">\n            <section class=\"vazpe-section\">\n                <div class=\"vazpe-highlight-box\">\n                    <h3 class=\"vazpe-title-md\">Neposredni proizvajalec &#038; robustna dobavna veriga<\/h3>\n                    <p class=\"vazpe-text\">\n                        Za razliko od tradicionalnih distributerjev je VAZPE <strong>integrirano industrijsko-trgovsko podjetje<\/strong>. Imamo lastne najsodobnej\u0161e proizvodne obrate, ki brezhibno povezujejo R&#038;D, proizvodnjo in globalno prodajo. Z mo\u010dno prednostjo v dobavni verigi odpravljamo posrednike, da vam neposredno zagotovimo najvi\u0161je mo\u017ene mar\u017ee. Danes s ponosom podpiramo in opolnomo\u010damo <strong>ve\u010d kot 10.000 poslovnih partnerjev po vsem svetu<\/strong> v ve\u010d kot 50 dr\u017eavah.\n                    <\/p>\n                <\/div>\n            <\/section>\n\n            <section class=\"vazpe-section\">\n                <h2 class=\"vazpe-title-lg\">Prilagodljive mo\u017enosti partnerstva<\/h2>\n                <p class=\"vazpe-text\">Ne glede na to, ali ste globalni distributer ali rasto\u010da lokalna vape trgovina, imamo re\u0161itve po meri za \u0161iritev va\u0161ega poslovanja.<\/p>\n                \n                <div class=\"vazpe-grid vazpe-grid-3\">\n                    <div class=\"vazpe-card\">\n                        <h3 class=\"vazpe-title-md\">Rasto\u010di trgovci na drobno (prijazno do malih podjetij)<\/h3>\n                        <p class=\"vazpe-text\">\n                            Idealno za lokalne vape trgovine, spletne zagone in specializirane trgovine, ki i\u0161\u010dejo zanesljiv vir izdelkov brez velikih finan\u010dnih obremenitev.\n                        <\/p>\n                        <ul class=\"vazpe-content-list\">\n                            <li><strong>Nizka MOQ<\/strong> za pomo\u010d pri preizkusu trga<\/li>\n                            <li>Hitra dostava &#038; odzivna podpora<\/li>\n                            <li>Brezpla\u010dni marketin\u0161ki &#038; razstavni materiali<\/li>\n                            <li>Brez zapletenih postopkov odobritve<\/li>\n                        <\/ul>\n                    <\/div>\n                    <div class=\"vazpe-card\">\n                        <h3 class=\"vazpe-title-md\">Veletrgovci &#038; distributerji<\/h3>\n                        <p class=\"vazpe-text\">\n                            Idealno za uveljavljena podjetja z mo\u010dnimi distribucijskimi mre\u017eami, ki potrebujejo velike koli\u010dine in stabilno dobavo.\n                        <\/p>\n                        <ul class=\"vazpe-content-list\">\n                            <li>Neprekosljive veleprodajne cene neposredno iz tovarne<\/li>\n                            <li>Na voljo je ekskluzivna teritorialna za\u0161\u010dita<\/li>\n                            <li>Prednostna proizvodnja &#038; namenski skrbnik klju\u010dnih kupcev<\/li>\n                            <li>Progresivne spodbude glede na obseg<\/li>\n                        <\/ul>\n                    <\/div>\n                    <div class=\"vazpe-card\">\n                        <h3 class=\"vazpe-title-md\">OEM \/ ODM prilagoditev<\/h3>\n                        <p class=\"vazpe-text\">\n                            \u017delite zgraditi svojo blagovno znamko? Izkoristite na\u0161o mo\u010d R&#038;D in proizvodnje, da svojo vizijo uresni\u010dite.\n                        <\/p>\n                        <ul class=\"vazpe-content-list\">\n                            <li>Celovit razvoj izdelkov po meri<\/li>\n                            <li>Blagovna znamka zasebne etikete &#038; embala\u017ea po meri<\/li>\n                            <li>Ekskluzivna formulacija okusov<\/li>\n                            <li>Strog nadzor kakovosti (QC) na vsakem koraku<\/li>\n                        <\/ul>\n                    <\/div>\n                <\/div>\n            <\/section>\n\n            <section class=\"vazpe-section\">\n                <h2 class=\"vazpe-title-lg\">Zakaj izbrati VAZPE za svojega dobavitelja?<\/h2>\n                \n                <div class=\"vazpe-grid vazpe-grid-2\">\n                    <div class=\"vazpe-card\">\n                        <h3 class=\"vazpe-title-md\">Neprimerljive mar\u017ee dobi\u010dka<\/h3>\n                        <p class=\"vazpe-text\">\n                            Ker kupujete neposredno iz na\u0161e tovarne, ni pribitkov posrednikov. Ponujamo zelo konkuren\u010dne, stopenjske cenovne strukture, prilagojene va\u0161emu konkretnemu obsegu naro\u010dil in poslovnemu modelu. <strong>\u0160e danes se obrnite na na\u0161o VIP prodajno ekipo za ponudbo po meri.<\/strong>\n                        <\/p>\n                    <\/div>\n                    <div class=\"vazpe-card\">\n                        <h3 class=\"vazpe-title-md\">Stabilna &#038; zmogljiva dobavna veriga<\/h3>\n                        <p class=\"vazpe-text\">\n                            Pomanjkanje zalog vas stane denar. Na\u0161e interne proizvodne zmogljivosti in zanesljiva dobavna veriga surovin zagotavljajo, da so va\u0161a naro\u010dila izpolnjena pravo\u010dasno, vsaki\u010d, tudi v \u010dasu najve\u010djega povpra\u0161evanja.\n                        <\/p>\n                    <\/div>\n                    <div class=\"vazpe-card\">\n                        <h3 class=\"vazpe-title-md\">Vrhunsko zagotavljanje kakovosti<\/h3>\n                        <p class=\"vazpe-text\">\n                            Vsak izdelek VAZPE pred odhodom iz na\u0161e tovarne prestane stroga mednarodna testiranja nadzora kakovosti. Stojimo za svojo proizvodnjo in zagotavljamo, da se va\u0161e stranke vedno znova vra\u010dajo.\n                        <\/p>\n                    <\/div>\n                    <div class=\"vazpe-card\">\n                        <h3 class=\"vazpe-title-md\">Tr\u017eenjska &#038; podpora blagovni znamki<\/h3>\n                        <p class=\"vazpe-text\">\n                            Ne prodajamo vam le izdelkov; pomagamo vam jih tudi prodajati. Pridobite dostop do na\u0161e obse\u017ene knji\u017enice visokokakovostnih fotografij izdelkov, vsebin za dru\u017ebena omre\u017eja in lokaliziranih marketin\u0161kih vpogledov.\n                        <\/p>\n                    <\/div>\n                <\/div>\n            <\/section>\n\n            <section class=\"vazpe-section\">\n                <h2 class=\"vazpe-title-lg\">Za\u010detek brez zapletov<\/h2>\n                <p class=\"vazpe-text\">Verjamemo, da mora biti poslovanje preprosto. Pozabite na gore papirjev. Takole za\u010dnemo skupno pot:<\/p>\n                \n                <div class=\"vazpe-grid vazpe-grid-3\">\n                    <div class=\"vazpe-card\">\n                        <h3 class=\"vazpe-title-md\">1. korak: Stopite v stik<\/h3>\n                        <p class=\"vazpe-text\">Po\u0161ljite nam e-po\u0161to in nam na kratko predstavite svoje podjetje \u2014 ne glede na to, ali ste startup, ki i\u0161\u010de Low MOQ, ali veliko podjetje, ki i\u0161\u010de OEM.<\/p>\n                    <\/div>\n                    <div class=\"vazpe-card\">\n                        <h3 class=\"vazpe-title-md\">2. korak: Prilagojen predlog<\/h3>\n                        <p class=\"vazpe-text\">Na\u0161 predani B2B vodja vas bo takoj kontaktiral, da razume va\u0161e potrebe in pripravi ponudbo s tovarni\u0161kimi cenami.<\/p>\n                    <\/div>\n                    <div class=\"vazpe-card\">\n                        <h3 class=\"vazpe-title-md\">3. korak: Po\u0161ljemo &#038; rastemo<\/h3>\n                        <p class=\"vazpe-text\">Ko je vse potrjeno, na\u0161a tovarna va\u0161e naro\u010dilo hitro odpo\u0161lje. Nato vam zagotavljamo stalno podporo, da vam pomagamo prevladati na va\u0161em lokalnem trgu.<\/p>\n                    <\/div>\n                <\/div>\n            <\/section>\n\n            <section class=\"vazpe-section\">\n                <h2 class=\"vazpe-title-lg\">Pogosta vpra\u0161anja<\/h2>\n\n                <div class=\"vazpe-faq-item\">\n                    <h3 class=\"vazpe-faq-question\">Vodim majhno\/novo podjetje. Ali lahko \u0161e vedno kupujem na debelo?<\/h3>\n                    <div class=\"vazpe-faq-answer\">\n                        <p class=\"vazpe-text\">\n                            Seveda! Svojim novim partnerjem pripisujemo velik pomen. Ponujamo zelo ugodne <strong>Low MOQ (Minimum Order Quantity)<\/strong> mo\u017enosti, da lahko za\u010dnete brez obremenjevanja denarnega toka. Stopite v stik z nami in na\u0161li bomo popoln za\u010detni paket za vas.\n                        <\/p>\n                    <\/div>\n                <\/div>\n\n                <div class=\"vazpe-faq-item\">\n                    <h3 class=\"vazpe-faq-question\">Ali ponujate storitve OEM\/ODM?<\/h3>\n                    <div class=\"vazpe-faq-answer\">\n                        <p class=\"vazpe-text\">\n                            Da. Kot proizvajalec, ki zdru\u017euje industrijo in trgovino, sta OEM in ODM na\u0161i klju\u010dni prednosti. Od industrijskega oblikovanja in formulacije okusov do prilagojene embala\u017ee \u2014 na\u0161a in\u017eenirska ekipa lahko va\u0161o edinstveno blagovno znamko zgradi od temeljev.\n                        <\/p>\n                    <\/div>\n                <\/div>\n\n                <div class=\"vazpe-faq-item\">\n                    <h3 class=\"vazpe-faq-question\">Kako vem, kak\u0161en popust bom prejel?<\/h3>\n                    <div class=\"vazpe-faq-answer\">\n                        <p class=\"vazpe-text\">\n                            Ker dobavljamo neposredno iz tovarne, so na\u0161e cene dinami\u010dne in zelo konkuren\u010dne. Namesto togih popustnih razredov vam dodelimo namenskega skrbnika strank, ki bo oblikoval cenovno strategijo po meri glede na va\u0161 obseg, trg in model sodelovanja. \n                        <\/p>\n                    <\/div>\n                <\/div>\n            <\/section>\n\n            <section class=\"vazpe-section\">\n                <h2 class=\"vazpe-title-lg\">Pove\u017eite se z na\u0161o tovarno \u0161e danes<\/h2>\n                \n                <div class=\"vazpe-highlight-box\">\n                    <h3 class=\"vazpe-title-md\">Ste pripravljeni nadgraditi svojo dobavno verigo?<\/h3>\n                    <p class=\"vazpe-text\">\n                        Presko\u010dite posrednike. Zavarujte svojo dobavo. Pove\u010dajte svoj dobi\u010dek. \u0160e danes stopite v stik z na\u0161o globalno B2B ekipo in se pogovorite o veleprodaji, distribuciji ali mo\u017enostih OEM.\n                    <\/p>\n                    \n                    <div class=\"vazpe-contact-info\">\n                        <div class=\"vazpe-contact-item\">\n                            <span class=\"vazpe-contact-label\">B2B &#038; VIP veleprodaja:<\/span>\n                            <span class=\"vazpe-contact-value\">\n                                <a href=\"mailto:wholesale@vazpe.com\">wholesale@vazpe.com<\/a>\n                            <\/span>\n                        <\/div>\n                        <div class=\"vazpe-contact-item\">\n                            <span class=\"vazpe-contact-label\">Povpra\u0161evanja za OEM \/ ODM:<\/span>\n                            <span class=\"vazpe-contact-value\">\n                                <a href=\"mailto:support@vazpe.com\">support@vazpe.com<\/a>\n                            <\/span>\n                        <\/div>\n                        <div class=\"vazpe-contact-item\">\n                            <span class=\"vazpe-contact-label\">Evropska pisarna:<\/span>\n                            <span class=\"vazpe-contact-value\">\n                                Wohn Und Gesch\u00e4ftshaus<br>\n                                Friedrichstra\u00dfe 22<br>\n                                01067 Dresden, Germany<br>\n                                <span class=\"vazpe-contact-note\">(Naslov pisarne \u2013 ni za korespondenco)<\/span>\n                            <\/span>\n                        <\/div>\n                    <\/div>\n                    \n                    <p class=\"vazpe-text vazpe-text-center\">\n                        <a href=\"\/sl\/contact-us\/\" class=\"vazpe-btn vazpe-btn-secondary\">Zahtevajte ponudbo po meri<\/a>\n                    <\/p>\n                <\/div>\n            <\/section>\n\n            <section class=\"vazpe-section\">\n                <div class=\"vazpe-warning-box\">\n                    <h3 class=\"vazpe-title-md\">Pomembno obvestilo<\/h3>\n                    <p class=\"vazpe-text\">\n                        <strong>Skladnost na prvem mestu:<\/strong> Izdelki VAZPE so namenjeni izklju\u010dno odraslim uporabnikom. Vsi partnerji morajo zagotoviti skladnost z lokalnimi zakoni o preverjanju starosti in veljavnimi predpisi o elektronskih cigaretah\/toba\u010dnih izdelkih v svojih jurisdikcijah.\n                    <\/p>\n                <\/div>\n            <\/section>\n        <\/div>\n    <\/div>\n<\/div>\n\n\n\n<p><\/p>","protected":false},"excerpt":{"rendered":"<p>Veleprodaja, program za distributerje &#038; OEM Sodelujte neposredno s proizvajalcem za neprekosljive mar\u017ee, vrhunsko kakovost in prilagodljive poslovne re\u0161itve. Neposredno<\/p>","protected":false},"author":1,"featured_media":0,"parent":0,"menu_order":0,"comment_status":"closed","ping_status":"closed","template":"","meta":{"footnotes":""},"class_list":["post-29246","page","type-page","status-publish","hentry"],"jetpack_sharing_enabled":true,"_links":{"self":[{"href":"https:\/\/vazpe.com\/sl\/wp-json\/wp\/v2\/pages\/29246","targetHints":{"allow":["GET"]}}],"collection":[{"href":"https:\/\/vazpe.com\/sl\/wp-json\/wp\/v2\/pages"}],"about":[{"href":"https:\/\/vazpe.com\/sl\/wp-json\/wp\/v2\/types\/page"}],"author":[{"embeddable":true,"href":"https:\/\/vazpe.com\/sl\/wp-json\/wp\/v2\/users\/1"}],"replies":[{"embeddable":true,"href":"https:\/\/vazpe.com\/sl\/wp-json\/wp\/v2\/comments?post=29246"}],"version-history":[{"count":5,"href":"https:\/\/vazpe.com\/sl\/wp-json\/wp\/v2\/pages\/29246\/revisions"}],"predecessor-version":[{"id":32827,"href":"https:\/\/vazpe.com\/sl\/wp-json\/wp\/v2\/pages\/29246\/revisions\/32827"}],"wp:attachment":[{"href":"https:\/\/vazpe.com\/sl\/wp-json\/wp\/v2\/media?parent=29246"}],"curies":[{"name":"wp","href":"https:\/\/api.w.org\/{rel}","templated":true}]}}