{"id":29228,"date":"2025-12-22T15:57:43","date_gmt":"2025-12-22T23:57:43","guid":{"rendered":"https:\/\/vatpe.com\/?page_id=29228"},"modified":"2026-02-23T18:41:32","modified_gmt":"2026-02-24T02:41:32","slug":"contact-us","status":"publish","type":"page","link":"https:\/\/vazpe.com\/sl\/contact-us\/","title":{"rendered":"Kontaktirajte nas"},"content":{"rendered":"\n<div class=\"vazpe-main\">\n    <div class=\"vazpe-container\">\n        <div class=\"vazpe-page-header\">\n            <h1 class=\"vazpe-title-xl\">Contact VAZPE<\/h1>\n            <p class=\"vazpe-text\">We&#8217;re here to help with your questions, concerns, and feedback<\/p>\n        <\/div>\n\n        <div class=\"vazpe-page-content\">\n            <section class=\"vazpe-section\">\n                    <div>\n                        <h2 class=\"vazpe-title-lg\">Customer Support<\/h2>\n                        <p class=\"vazpe-text\">\n                            Our support team is available to assist with product questions, technical issues, order inquiries, and general support needs. We provide direct, knowledgeable assistance from experienced team members who understand our products and the vaping industry.\n                        <\/p>\n                        <p class=\"vazpe-text\">\n                            We typically respond to inquiries within 24 hours during business days. For urgent matters, please include &#8220;URGENT&#8221; in your subject line for priority handling.\n                        <\/p>\n                    <\/div>\n\t\t\t\t\t<div class=\"vazpe-highlight-box\">\n\t\t\t\t\t\t<h3 class=\"vazpe-title-md\">Contact Information<\/h3>\n\t\t\t\t\t\t<div class=\"vazpe-contact-info\">\n\t\t\t\t\t\t\t<div class=\"vazpe-contact-item\">\n\t\t\t\t\t\t\t\t<span class=\"vazpe-contact-label\">Email:<\/span>\n\t\t\t\t\t\t\t\t<span class=\"vazpe-contact-value\">\n\t\t\t\t\t\t\t\t\t<a href=\"mailto:support@vazpe.com\">support@vazpe.com<\/a>\n\t\t\t\t\t\t\t\t<\/span>\n\t\t\t\t\t\t\t<\/div>\n\t\t\t\t\t\t\t<div class=\"vazpe-contact-item\">\n\t\t\t\t\t\t\t\t<span class=\"vazpe-contact-label\">Website:<\/span>\n\t\t\t\t\t\t\t\t<span class=\"vazpe-contact-value\"><a href=\"https:\/\/vazpe.com\">www.vazpe.com<\/a><\/span>\n\t\t\t\t\t\t\t<\/div>\n\t\t\t\t\t\t\t<div class=\"vazpe-contact-item\">\n\t\t\t\t\t\t\t\t<span class=\"vazpe-contact-label\">Office Address:<\/span>\n\t\t\t\t\t\t\t\t<span class=\"vazpe-contact-value\">\n\t\t\t\t\t\t\t\t\tWohn Und Gesch\u00e4ftshaus<br>\n\t\t\t\t\t\t\t\t\tFriedrichstra\u00dfe 22<br>\n\t\t\t\t\t\t\t\t\t01067 Dresden, Germany<br>\n\t\t\t\t\t\t\t\t\t<span class=\"vazpe-contact-note\">(Office address \u2013 not for correspondence)<\/span>\n\t\t\t\t\t\t\t\t<\/span>\n\t\t\t\t\t\t\t<\/div>\n\t\t\t\t\t\t<\/div>\n\t\t\t\t\t<\/div>\n            <\/section>\n\n            <section class=\"vazpe-section\">\n                <h2 class=\"vazpe-title-lg\">Contact Categories<\/h2>\n                <div class=\"vazpe-grid vazpe-grid-3\">\n                    <div class=\"vazpe-card\">\n                        <h3 class=\"vazpe-title-md\">Customer Support<\/h3>\n                        <p class=\"vazpe-text\">\n                            Product questions, technical issues, warranty claims, and general assistance with your VAZPE products.\n                        <\/p>\n                        <p class=\"vazpe-text\">\n                            <strong>Email:<\/strong> <a href=\"mailto:support@vazpe.com\">support@vazpe.com<\/a><br>\n                            <strong>Response time:<\/strong> Within 24 hours\n                        <\/p>\n                    <\/div>\n                    <div class=\"vazpe-card\">\n                        <h3 class=\"vazpe-title-md\">Order &#038; Shipping<\/h3>\n                        <p class=\"vazpe-text\">\n                            Order status, shipping inquiries, delivery issues, and tracking information for your purchases.\n                        <\/p>\n                        <p class=\"vazpe-text\">\n                            <strong>Email:<\/strong> <a href=\"mailto:support@vazpe.com\">support@vazpe.com<\/a><br>\n                            <strong>Subject:<\/strong> &#8220;Order Inquiry &#8211; [Order Number]&#8221;\n                        <\/p>\n                    <\/div>\n                    <div class=\"vazpe-card\">\n                        <h3 class=\"vazpe-title-md\">Returns &#038; Refunds<\/h3>\n                        <p class=\"vazpe-text\">\n                            Return requests, refund processing, exchange procedures, and warranty replacement inquiries.\n                        <\/p>\n                        <p class=\"vazpe-text\">\n                            <strong>Email:<\/strong> <a href=\"mailto:support@vazpe.com\">support@vazpe.com<\/a><br>\n                            <strong>Subject:<\/strong> &#8220;Return Request &#8211; [Order Number]&#8221;\n                        <\/p>\n                    <\/div>\n\t\t\t\t<\/div>\n                <div class=\"vazpe-grid vazpe-grid-3\">\n                    <div class=\"vazpe-card\">\n                        <h3 class=\"vazpe-title-md\">Business Partnerships<\/h3>\n                        <p class=\"vazpe-text\">\n                            Wholesale inquiries, distribution partnerships, retail partnerships, and B2B collaborations.\n                        <\/p>\n                        <p class=\"vazpe-text\">\n                            <strong>Email:<\/strong> <a href=\"mailto:support@vazpe.com\">support@vazpe.com<\/a><br>\n                            <strong>Subject:<\/strong> &#8220;Partnership Inquiry&#8221;\n                        <\/p>\n                    <\/div>\n                    <div class=\"vazpe-card\">\n                        <h3 class=\"vazpe-title-md\">Product Feedback<\/h3>\n                        <p class=\"vazpe-text\">\n                            Product reviews, suggestions for improvements, new product ideas, and user experience feedback.\n                        <\/p>\n                        <p class=\"vazpe-text\">\n                            <strong>Email:<\/strong> <a href=\"mailto:support@vazpe.com\">support@vazpe.com<\/a><br>\n                            <strong>Subject:<\/strong> &#8220;Product Feedback&#8221;\n                        <\/p>\n                    <\/div>\n                    <div class=\"vazpe-card\">\n                        <h3 class=\"vazpe-title-md\">Media &#038; Press<\/h3>\n                        <p class=\"vazpe-text\">\n                            Press inquiries, media kit requests, interview opportunities, and brand collaboration proposals.\n                        <\/p>\n                        <p class=\"vazpe-text\">\n                            <strong>Email:<\/strong> <a href=\"mailto:support@vazpe.com\">support@vazpe.com<\/a><br>\n                            <strong>Subject:<\/strong> &#8220;Press Inquiry&#8221;\n                        <\/p>\n                    <\/div>\n                <\/div>\n            <\/section>\n\n            <section class=\"vazpe-section\">\n                <h2 class=\"vazpe-title-lg\">Before You Contact Us<\/h2>\n                <p class=\"vazpe-text\">\n                    To help us serve you better and provide faster responses, please check our resources below for immediate answers to common questions:\n                <\/p>\n                <div class=\"vazpe-grid vazpe-grid-2\">\n                    <div class=\"vazpe-card\">\n                        <h3 class=\"vazpe-title-md\">Frequently Asked Questions<\/h3>\n                        <p class=\"vazpe-text\">\n                            Our comprehensive FAQ section covers the most common questions about products, shipping, returns, and more.\n                        <\/p>\n                        <p class=\"vazpe-text\">\n                            <a href=\"\/faqs\" class=\"vazpe-btn vazpe-btn-secondary\">View FAQ<\/a>\n                        <\/p>\n                    <\/div>\n                    <div class=\"vazpe-card\">\n                        <h3 class=\"vazpe-title-md\">Policy Information<\/h3>\n                        <p class=\"vazpe-text\">\n                            Review our shipping, return, privacy, and terms policies for detailed information about our procedures.\n                        <\/p>\n                        <p class=\"vazpe-text\">\n                            <a href=\"\/shipping-policy\" class=\"vazpe-btn vazpe-btn-secondary\">View Policies<\/a>\n                        <\/p>\n                    <\/div>\n                <\/div>\n            <\/section>\n\n            <section class=\"vazpe-section\">\n                <h2 class=\"vazpe-title-lg\">When Contacting Support<\/h2>\n                <div class=\"vazpe-highlight-box\">\n                    <h3 class=\"vazpe-title-md\">Help Us Help You<\/h3>\n                    <p class=\"vazpe-text\">\n                        To ensure we can assist you efficiently, please include the following information in your email:\n                    <\/p>\n                    <ul class=\"vazpe-content-list\">\n                        <li><strong>Order Number:<\/strong> If your inquiry relates to a specific purchase<\/li>\n                        <li><strong>Product Model:<\/strong> The specific VAZPE product you&#8217;re asking about<\/li>\n                        <li><strong>Detailed Description:<\/strong> Clear explanation of your question or issue<\/li>\n                        <li><strong>Photos:<\/strong> If applicable, include photos to help us understand the situation<\/li>\n                        <li><strong>Contact Preference:<\/strong> Let us know if you prefer email or phone communication<\/li>\n                    <\/ul>\n                <\/div>\n            <\/section>\n\n            <section class=\"vazpe-section\">\n                <h2 class=\"vazpe-title-lg\">Customer Support Hours<\/h2>\n                <div class=\"vazpe-grid vazpe-grid-2\">\n                    <div class=\"vazpe-card\">\n                        <h3 class=\"vazpe-title-md\">Email Support<\/h3>\n                        <p class=\"vazpe-text\">\n                            <strong>Availability:<\/strong> 24\/7 email monitoring<br>\n                            <strong>Response Time:<\/strong> Within 24 hours on business days<br>\n                            <strong>Languages:<\/strong> English, German\n                        <\/p>\n                    <\/div>\n                    <div class=\"vazpe-card\">\n                        <h3 class=\"vazpe-title-md\">Business Hours<\/h3>\n                        <p class=\"vazpe-text\">\n                            <strong>Monday &#8211; Friday:<\/strong> 9:00 AM &#8211; 6:00 PM (CET)<br>\n                            <strong>Saturday:<\/strong> 10:00 AM &#8211; 4:00 PM (CET)<br>\n                            <strong>Sunday:<\/strong> Closed\n                        <\/p>\n                    <\/div>\n                <\/div>\n            <\/section>\n\n            <section class=\"vazpe-section\">\n                <h2 class=\"vazpe-title-lg\">International Customers<\/h2>\n                <p class=\"vazpe-text\">\n                    VAZPE serves customers worldwide. While our headquarters are located in Dresden, Germany, we provide international support and shipping to many countries. Please note that response times may vary based on time zones and local holidays.\n                <\/p>\n                <div class=\"vazpe-highlight-box\">\n                    <h3 class=\"vazpe-title-md\">Global Support Commitment<\/h3>\n                    <p class=\"vazpe-text\">\n                        Regardless of your location, we&#8217;re committed to providing the same high level of customer service to all our international customers. We understand different markets may have specific requirements and regulations, and our team is knowledgeable about international shipping procedures and customs requirements.\n                    <\/p>\n                <\/div>\n            <\/section>\n\n            <section class=\"vazpe-section\">\n                <h2 class=\"vazpe-title-lg\">Quality Assurance<\/h2>\n                <p class=\"vazpe-text\">\n                    Your satisfaction is our priority. We continuously monitor our customer service performance and strive to improve our support processes. If you feel your inquiry wasn&#8217;t handled to your satisfaction, please don&#8217;t hesitate to follow up with us.\n                <\/p>\n                <div class=\"vazpe-grid vazpe-grid-3\">\n                    <div class=\"vazpe-card\">\n                        <h3 class=\"vazpe-title-md\">Response Commitment<\/h3>\n                        <p class=\"vazpe-text\">\n                            We guarantee initial response within 24 hours for all email inquiries received during business days.\n                        <\/p>\n                    <\/div>\n                    <div class=\"vazpe-card\">\n                        <h3 class=\"vazpe-title-md\">Resolution Focus<\/h3>\n                        <p class=\"vazpe-text\">\n                            Our team works diligently to resolve issues completely rather than just providing temporary solutions.\n                        <\/p>\n                    <\/div>\n                    <div class=\"vazpe-card\">\n                        <h3 class=\"vazpe-title-md\">Follow-up Care<\/h3>\n                        <p class=\"vazpe-text\">\n                            We follow up on resolved issues to ensure your complete satisfaction with our service and products.\n                        <\/p>\n                    <\/div>\n                <\/div>\n            <\/section>\n\n            <section class=\"vazpe-section\">\n                <div class=\"vazpe-highlight-box\">\n                    <h3 class=\"vazpe-title-md\">Ready to Get in Touch?<\/h3>\n                    <p class=\"vazpe-text\">\n                        We&#8217;re here to help and look forward to hearing from you. Whether you have a simple question or need comprehensive support, our team is ready to assist you with your VAZPE experience.\n                    <\/p>\n                    <p class=\"vazpe-text vazpe-text-center\">\n                        <a href=\"mailto:support@vazpe.com\" class=\"vazpe-btn\">Email Support Team<\/a>\n                    <\/p>\n                <\/div>\n            <\/section>\n        <\/div>\n    <\/div>\n<\/div>\n","protected":false},"excerpt":{"rendered":"<p>Kontaktirajte VAZPE Tukaj smo, da vam pomagamo pri va\u0161ih vpra\u0161anjih, pomislekih in povratnih informacijah Podpora strankam Na\u0161a ekipa za podporo je na voljo za<\/p>","protected":false},"author":1,"featured_media":0,"parent":0,"menu_order":0,"comment_status":"closed","ping_status":"closed","template":"","meta":{"footnotes":""},"class_list":["post-29228","page","type-page","status-publish","hentry"],"jetpack_sharing_enabled":true,"_links":{"self":[{"href":"https:\/\/vazpe.com\/sl\/wp-json\/wp\/v2\/pages\/29228","targetHints":{"allow":["GET"]}}],"collection":[{"href":"https:\/\/vazpe.com\/sl\/wp-json\/wp\/v2\/pages"}],"about":[{"href":"https:\/\/vazpe.com\/sl\/wp-json\/wp\/v2\/types\/page"}],"author":[{"embeddable":true,"href":"https:\/\/vazpe.com\/sl\/wp-json\/wp\/v2\/users\/1"}],"replies":[{"embeddable":true,"href":"https:\/\/vazpe.com\/sl\/wp-json\/wp\/v2\/comments?post=29228"}],"version-history":[{"count":5,"href":"https:\/\/vazpe.com\/sl\/wp-json\/wp\/v2\/pages\/29228\/revisions"}],"predecessor-version":[{"id":32576,"href":"https:\/\/vazpe.com\/sl\/wp-json\/wp\/v2\/pages\/29228\/revisions\/32576"}],"wp:attachment":[{"href":"https:\/\/vazpe.com\/sl\/wp-json\/wp\/v2\/media?parent=29228"}],"curies":[{"name":"wp","href":"https:\/\/api.w.org\/{rel}","templated":true}]}}