{"id":29226,"date":"2025-12-22T15:57:01","date_gmt":"2025-12-22T23:57:01","guid":{"rendered":"https:\/\/vatpe.com\/?page_id=29226"},"modified":"2026-02-23T18:41:34","modified_gmt":"2026-02-24T02:41:34","slug":"age-policy","status":"publish","type":"page","link":"https:\/\/vazpe.com\/it\/age-policy\/","title":{"rendered":"Politica sull'et\u00e0"},"content":{"rendered":"<div class=\"vazpe-main\">\n    <div class=\"vazpe-container\">\n        <div class=\"vazpe-page-header\">\n            <h1 class=\"vazpe-title-xl\">Politica di verifica dell\u2019et\u00e0<\/h1>\n            <p class=\"vazpe-text\">Ultimo aggiornamento: 8 settembre 2025<\/p>\n        <\/div>\n\n        <div class=\"vazpe-page-content\">\n            <section class=\"vazpe-section\">\n                <div class=\"vazpe-warning-box\">\n                    <h3 class=\"vazpe-title-md\">Solo per adulti &#8211; Et\u00e0 legale richiesta<\/h3>\n                    <p class=\"vazpe-text\">\n                        I prodotti VAZPE sono destinati esclusivamente agli adulti che hanno l\u2019et\u00e0 legale per acquistare e utilizzare prodotti per il vaping nella propria giurisdizione. Ci impegniamo a prevenire l\u2019accesso dei minori ai nostri prodotti attraverso misure complete di verifica dell\u2019et\u00e0.\n                    <\/p>\n                <\/div>\n            <\/section>\n\n            <section class=\"vazpe-section\">\n                <h2 class=\"vazpe-title-lg\">Requisiti di et\u00e0 per area geografica<\/h2>\n                <p class=\"vazpe-text\">\n                    L\u2019et\u00e0 minima per acquistare i prodotti VAZPE varia in base alla giurisdizione. Per accedere al nostro sito web e acquistare i nostri prodotti, devi soddisfare o superare il requisito di et\u00e0 legale previsto nella tua localit\u00e0.\n                <\/p>\n\n                <div>\n                    <table class=\"vazpe-table\">\n                        <thead>\n                            <tr>\n                                <th>Regione\/Paese<\/th>\n                                <th>Et\u00e0 minima<\/th>\n                                <th>Requisiti aggiuntivi<\/th>\n                                <th>Note speciali<\/th>\n                            <\/tr>\n                        <\/thead>\n                        <tbody>\n                            <tr>\n                                <td>Stati Uniti<\/td>\n                                <td>21 anni<\/td>\n                                <td>Conformit\u00e0 alla legge federale<\/td>\n                                <td>Firma di un adulto richiesta<\/td>\n                            <\/tr>\n                            <tr>\n                                <td>Canada<\/td>\n                                <td>18-19 anni<\/td>\n                                <td>Variazioni provinciali: Alberta (18), le altre per lo pi\u00f9 (19)<\/td>\n                                <td>Firma di un adulto richiesta<\/td>\n\t\t\t\t\t\t\t<\/tr>\n                            <tr>\n                                <td>Australia<\/td>\n                                <td>18 anni<\/td>\n                                <td>Documento d\u2019identit\u00e0 valido richiesto alla consegna<\/td>\n                                <td>Firma di un adulto richiesta<\/td>\n\t\t\t\t\t\t\t<\/tr>\n                            <tr>\n                                <td>Unione europea<\/td>\n                                <td>18 anni<\/td>\n                                <td>Conformit\u00e0 TPD, limite di nicotina 20mg\/ml<\/td>\n                                <td>Firma di un adulto richiesta<\/td>\n\t\t\t\t\t\t\t<\/tr>\n                            <tr>\n                                <td>Regno Unito<\/td>\n                                <td>18 anni<\/td>\n                                <td>Documento d\u2019identit\u00e0 valido richiesto alla consegna<\/td>\n                                <td>Firma di un adulto richiesta<\/td>\n\t\t\t\t\t\t\t<\/tr>\n                            <tr>\n                                <td>Nuova Zelanda<\/td>\n                                <td>18 anni<\/td>\n                                <td>Conformit\u00e0 allo Smokefree Environments Act<\/td>\n                                <td>Firma di un adulto richiesta<\/td>\n\t\t\t\t\t\t\t<\/tr>\n                            <tr>\n                                <td>Irlanda<\/td>\n                                <td>18 anni<\/td>\n                                <td>Conformit\u00e0 alle normative UE<\/td>\n                                <td>Firma di un adulto richiesta<\/td>\n                            <\/tr>\n                        <\/tbody>\n                    <\/table>\n                <\/div>\n\n                <div class=\"vazpe-highlight-box\">\n                    <h3 class=\"vazpe-title-md\">Avviso importante<\/h3>\n                    <p class=\"vazpe-text\">\n                        Se nella tua giurisdizione \u00e8 previsto un requisito di et\u00e0 minima pi\u00f9 elevato rispetto a quanto indicato qui, si applica il requisito di et\u00e0 pi\u00f9 elevato. \u00c8 tua responsabilit\u00e0 assicurarti di soddisfare tutti i requisiti legali locali prima di acquistare prodotti VAZPE.\n                    <\/p>\n                <\/div>\n            <\/section>\n\n            <section class=\"vazpe-section\">\n                <h2 class=\"vazpe-title-lg\">Procedura di verifica dell\u2019et\u00e0<\/h2>\n                <p class=\"vazpe-text\">\n                    VAZPE utilizza pi\u00f9 livelli di verifica dell\u2019et\u00e0 per garantire la conformit\u00e0 alle leggi applicabili e prevenire l\u2019accesso dei minori ai nostri prodotti.\n                <\/p>\n\n                <div class=\"vazpe-grid vazpe-grid-2\">\n                    <div class=\"vazpe-card\">\n                        <h3 class=\"vazpe-title-md\">Verifica dell\u2019accesso al sito web<\/h3>\n                        <ul class=\"vazpe-content-list\">\n                            <li>Controllo dell\u2019et\u00e0 alla prima visita del sito web<\/li>\n                            <li>Verifica della data di nascita durante la creazione dell\u2019account<\/li>\n                            <li>Cookie persistenti per la verifica dell\u2019et\u00e0<\/li>\n                            <li>Riverifica periodica per motivi di sicurezza<\/li>\n                        <\/ul>\n                    <\/div>\n                    <div class=\"vazpe-card\">\n                        <h3 class=\"vazpe-title-md\">Verifica dell\u2019acquisto<\/h3>\n                        <ul class=\"vazpe-content-list\">\n                            <li>Conferma dell\u2019et\u00e0 durante il checkout<\/li>\n                            <li>Verifica della carta di credito (solo adulti)<\/li>\n                            <li>Servizi di verifica dell\u2019et\u00e0 di terze parti<\/li>\n                            <li>Verifica aggiuntiva per account sospetti<\/li>\n                        <\/ul>\n                    <\/div>\n                <\/div>\n\n                <h3 class=\"vazpe-title-md\">Verifica alla consegna<\/h3>\n                <p class=\"vazpe-text\">\n                    Tutte le spedizioni VAZPE richiedono la firma di un adulto alla consegna:\n                <\/p>\n                <ul class=\"vazpe-content-list\">\n                    <li><strong>Firma di un adulto obbligatoria:<\/strong> Una persona di almeno 18 anni (o 21+ negli Stati Uniti) deve firmare per il pacco<\/li>\n                    <li><strong>Documento d\u2019identit\u00e0 con foto valido:<\/strong> \u00c8 necessario presentare al corriere un documento d\u2019identit\u00e0 rilasciato da un ente governativo<\/li>\n                    <li><strong>Nessuna consegna a terzi:<\/strong> I pacchi non possono essere consegnati ai minori in nessun caso<\/li>\n                    <li><strong>Soluzioni alternative:<\/strong> Se non \u00e8 disponibile alcun adulto, i pacchi vengono trattenuti presso la sede del corriere per il ritiro<\/li>\n                <\/ul>\n            <\/section>\n\n            <section class=\"vazpe-section\">\n                <h2 class=\"vazpe-title-lg\">Forme di identificazione accettate<\/h2>\n                <p class=\"vazpe-text\">\n                    Per verificare la tua et\u00e0, accettiamo i seguenti documenti d\u2019identit\u00e0 con foto rilasciati da un ente governativo:\n                <\/p>\n\n                <div class=\"vazpe-grid vazpe-grid-3\">\n                    <div class=\"vazpe-card\">\n                        <h3 class=\"vazpe-title-md\">Documenti d\u2019identit\u00e0 principali<\/h3>\n                        <ul class=\"vazpe-content-list\">\n                            <li>Patente di guida<\/li>\n                            <li>Carta d\u2019identit\u00e0 statale\/provinciale<\/li>\n                            <li>Passaporto<\/li>\n                            <li>Carta d\u2019identit\u00e0 nazionale<\/li>\n                        <\/ul>\n                    <\/div>\n                    <div class=\"vazpe-card\">\n                        <h3 class=\"vazpe-title-md\">Documento militare\/governativo<\/h3>\n                        <ul class=\"vazpe-content-list\">\n                            <li>Tessera militare<\/li>\n                            <li>Tessera di dipendente governativo<\/li>\n                            <li>Tessera da veterano<\/li>\n                            <li>Documentazione governativa ufficiale<\/li>\n                        <\/ul>\n                    <\/div>\n                    <div class=\"vazpe-card\">\n                        <h3 class=\"vazpe-title-md\">Requisiti del documento d\u2019identit\u00e0<\/h3>\n                        <ul class=\"vazpe-content-list\">\n                            <li>Deve essere in corso di validit\u00e0<\/li>\n                            <li>Deve includere una foto<\/li>\n                            <li>Deve mostrare la data di nascita<\/li>\n                            <li>Deve essere rilasciato da un\u2019autorit\u00e0 governativa<\/li>\n                        <\/ul>\n                    <\/div>\n                <\/div>\n\n                <div class=\"vazpe-warning-box\">\n                    <h3 class=\"vazpe-title-md\">Forme di identificazione non accettabili<\/h3>\n                    <p class=\"vazpe-text\">\n                        Non possiamo accettare documenti scaduti, fotocopie, immagini digitali, tessere studentesche, badge aziendali o qualsiasi documento di identificazione non rilasciato dal governo ai fini della verifica dell'et\u00e0.\n                    <\/p>\n                <\/div>\n            <\/section>\n\n            <section class=\"vazpe-section\">\n                <h2 class=\"vazpe-title-lg\">Requisiti per la registrazione dell'account<\/h2>\n                <p class=\"vazpe-text\">\n                    Quando crei un account con VAZPE, devi fornire informazioni accurate sulla tua et\u00e0:\n                <\/p>\n\n                <div class=\"vazpe-grid vazpe-grid-2\">\n                    <div class=\"vazpe-card\">\n                        <h3 class=\"vazpe-title-md\">Informazioni richieste<\/h3>\n                        <ul class=\"vazpe-content-list\">\n                            <li>Nome e cognome legali completi (corrispondenti al documento d'identit\u00e0)<\/li>\n                            <li>Data di nascita<\/li>\n                            <li>Indirizzo email valido<\/li>\n                            <li>Indirizzo di fatturazione<\/li>\n                            <li>Numero di telefono (per la verifica)<\/li>\n                        <\/ul>\n                    <\/div>\n                    <div class=\"vazpe-card\">\n                        <h3 class=\"vazpe-title-md\">Processo di verifica<\/h3>\n                        <ul class=\"vazpe-content-list\">\n                            <li>Calcolo immediato dell'et\u00e0<\/li>\n                            <li>Confronto incrociato con database di terze parti<\/li>\n                            <li>Verifica dell'email richiesta<\/li>\n                            <li>Verifica aggiuntiva se vengono rilevate discrepanze<\/li>\n                        <\/ul>\n                    <\/div>\n                <\/div>\n            <\/section>\n\n            <section class=\"vazpe-section\">\n                <h2 class=\"vazpe-title-lg\">Privacy &#038; Protezione dei dati<\/h2>\n                <p class=\"vazpe-text\">\n                    Sappiamo che la verifica dell'et\u00e0 richiede informazioni personali sensibili. VAZPE si impegna a proteggere la tua privacy durante tutto il processo di verifica:\n                <\/p>\n\n                <h3 class=\"vazpe-title-md\">Misure di sicurezza dei dati<\/h3>\n                <ul class=\"vazpe-content-list\">\n                    <li><strong>Trasmissione sicura:<\/strong> Tutti i dati vengono trasmessi utilizzando la crittografia SSL\/TLS<\/li>\n                    <li><strong>Accesso limitato:<\/strong> I dati di verifica dell'et\u00e0 sono accessibili solo al personale autorizzato<\/li>\n                    <li><strong>Sicurezza di terze parti:<\/strong> I partner di verifica soddisfano rigorosi standard di sicurezza<\/li>\n                    <li><strong>Conservazione dei dati:<\/strong> Le informazioni personali vengono conservate solo per il tempo necessario<\/li>\n                <\/ul>\n\n                <h3 class=\"vazpe-title-md\">Uso delle informazioni di verifica<\/h3>\n                <p class=\"vazpe-text\">\n                    Le informazioni raccolte ai fini della verifica dell'et\u00e0 vengono utilizzate esclusivamente per:\n                <\/p>\n                <ul class=\"vazpe-content-list\">\n                    <li>Confermare l'idoneit\u00e0 all'acquisto di prodotti da vaping<\/li>\n                    <li>Conformit\u00e0 alle leggi e ai regolamenti applicabili<\/li>\n                    <li>Prevenire l'accesso ai nostri prodotti da parte dei minori<\/li>\n                    <li>Sicurezza dell\u2019account e prevenzione delle frodi<\/li>\n                <\/ul>\n            <\/section>\n\n            <section class=\"vazpe-section\">\n                <h2 class=\"vazpe-title-lg\">Conseguenze della falsa dichiarazione dell\u2019et\u00e0<\/h2>\n                <div class=\"vazpe-warning-box\">\n                    <h3 class=\"vazpe-title-md\">Gravi violazioni legali e delle policy<\/h3>\n                    <p class=\"vazpe-text\">\n                        Fornire informazioni false sull\u2019et\u00e0 o tentare di aggirare i sistemi di verifica dell\u2019et\u00e0 costituisce una grave violazione dei nostri termini di servizio e pu\u00f2 violare le leggi applicabili.\n                    <\/p>\n                <\/div>\n\n                <h3 class=\"vazpe-title-md\">Possibili conseguenze<\/h3>\n                <ul class=\"vazpe-content-list\">\n                    <li><strong>Chiusura dell\u2019account:<\/strong> Sospensione immediata e permanente dell\u2019account<\/li>\n                    <li><strong>Annullamento dell\u2019ordine:<\/strong> Tutti gli ordini in sospeso saranno annullati e rimborsati<\/li>\n                    <li><strong>Azione legale:<\/strong> Le violazioni possono essere segnalate alle autorit\u00e0 competenti<\/li>\n                    <li><strong>Accesso vietato:<\/strong> Divieto permanente di accesso al sito web e ai servizi VAZPE<\/li>\n                    <li><strong>Nessun acquisto futuro:<\/strong> Impossibilit\u00e0 di creare nuovi account o effettuare acquisti futuri<\/li>\n                <\/ul>\n            <\/section>\n\n            <section class=\"vazpe-section\">\n                <h2 class=\"vazpe-title-lg\">Responsabilit\u00e0 dei genitori<\/h2>\n                <p class=\"vazpe-text\">\n                    Sebbene VAZPE adotti misure complete di verifica dell\u2019et\u00e0, riconosciamo che genitori e tutori svolgono un ruolo fondamentale nel prevenire l\u2019accesso ai prodotti da svapo da parte dei minori.\n                <\/p>\n\n                <div class=\"vazpe-grid vazpe-grid-2\">\n                    <div class=\"vazpe-card\">\n                        <h3 class=\"vazpe-title-md\">Responsabilit\u00e0 dei genitori\/tutori<\/h3>\n                        <ul class=\"vazpe-content-list\">\n                            <li>Monitorare l\u2019utilizzo di internet e l\u2019accesso ai siti web<\/li>\n                            <li>Educare sui pericoli dello svapo tra i minori<\/li>\n                            <li>Proteggere i metodi di pagamento e le informazioni personali<\/li>\n                            <li>Segnalare eventuali sospetti tentativi di accesso da parte di minori<\/li>\n                        <\/ul>\n                    <\/div>\n                    <div class=\"vazpe-card\">\n                        <h3 class=\"vazpe-title-md\">Se sospetti un accesso da parte di minori<\/h3>\n                        <ul class=\"vazpe-content-list\">\n                            <li>Contattaci immediatamente via email<\/li>\n                            <li>Fornisci dettagli sulla presunta violazione<\/li>\n                            <li>Effettueremo le opportune verifiche e adotteremo le misure appropriate<\/li>\n                            <li>Valuta l\u2019aggiunta di ulteriori controlli parentali sui dispositivi<\/li>\n                        <\/ul>\n                    <\/div>\n                <\/div>\n            <\/section>\n\n            <section class=\"vazpe-section\">\n                <h2 class=\"vazpe-title-lg\">Conformit\u00e0 &#038; quadro normativo<\/h2>\n                <p class=\"vazpe-text\">\n                    Le policy di verifica dell\u2019et\u00e0 di VAZPE sono progettate per essere conformi a diversi quadri normativi:\n                <\/p>\n\n                <h3 class=\"vazpe-title-md\">Conformit\u00e0 normativa<\/h3>\n                <ul class=\"vazpe-content-list\">\n                    <li><strong>Direttiva UE sui prodotti del tabacco (TPD):<\/strong> Requisiti completi per la verifica dell\u2019et\u00e0<\/li>\n                    <li><strong>Normative federali degli Stati Uniti:<\/strong> Obblighi di verifica dell\u2019et\u00e0 previsti dalla FDA e a livello statale<\/li>\n                    <li><strong>Legge canadese sui prodotti del tabacco e dello svapo:<\/strong> Requisiti provinciali per la verifica dell\u2019et\u00e0<\/li>\n                    <li><strong>Therapeutic Goods Administration australiana:<\/strong> Verifica dell\u2019et\u00e0 per i prodotti a base di nicotina<\/li>\n                    <li><strong>Giurisdizioni locali:<\/strong> Ulteriori requisiti comunali e regionali<\/li>\n                <\/ul>\n\n                <h3 class=\"vazpe-title-md\">Monitoraggio continuo della conformit\u00e0<\/h3>\n                <p class=\"vazpe-text\">\n                    Monitoriamo costantemente le modifiche normative e aggiorniamo i nostri processi di verifica dell\u2019et\u00e0 per mantenere la conformit\u00e0:\n                <\/p>\n                <ul class=\"vazpe-content-list\">\n                    <li>Revisione regolare delle leggi e dei regolamenti applicabili<\/li>\n                    <li>Aggiornamenti ai processi di verifica secondo necessit\u00e0<\/li>\n                    <li>Formazione del personale sui requisiti di conformit\u00e0<\/li>\n                    <li>Collaborazione con le autorit\u00e0 di regolamentazione quando opportuno<\/li>\n                <\/ul>\n            <\/section>\n\n            <section class=\"vazpe-section\">\n                <h2 class=\"vazpe-title-lg\">Misure tecniche per la verifica dell\u2019et\u00e0<\/h2>\n                <p class=\"vazpe-text\">\n                    Oltre alla verifica manuale, VAZPE adotta misure tecniche avanzate per impedire l\u2019accesso ai minori:\n                <\/p>\n\n                <div class=\"vazpe-grid vazpe-grid-3\">\n                    <div class=\"vazpe-card\">\n                        <h3 class=\"vazpe-title-md\">Sicurezza del sito web<\/h3>\n                        <ul class=\"vazpe-content-list\">\n                            <li>Controllo dell\u2019et\u00e0 nella homepage<\/li>\n                            <li>Verifica dell\u2019et\u00e0 basata sulla sessione<\/li>\n                            <li>Monitoraggio dell\u2019et\u00e0 basato sui cookie<\/li>\n                            <li>Richieste di verifica regolari<\/li>\n                        <\/ul>\n                    <\/div>\n                    <div class=\"vazpe-card\">\n                        <h3 class=\"vazpe-title-md\">Sicurezza dell\u2019account<\/h3>\n                        <ul class=\"vazpe-content-list\">\n                            <li>Autenticazione a pi\u00f9 fattori<\/li>\n                            <li>Monitoraggio delle attivit\u00e0 sospette<\/li>\n                            <li>Verifica regolare dell\u2019account<\/li>\n                            <li>Rilevamento automatico delle frodi<\/li>\n                        <\/ul>\n                    <\/div>\n                    <div class=\"vazpe-card\">\n                        <h3 class=\"vazpe-title-md\">Controlli sugli acquisti<\/h3>\n                        <ul class=\"vazpe-content-list\">\n                            <li>Verifica del metodo di pagamento<\/li>\n                            <li>Convalida dell'indirizzo di fatturazione<\/li>\n                            <li>Analisi dei modelli d'ordine<\/li>\n                            <li>Verifica aggiuntiva basata sul rischio<\/li>\n                        <\/ul>\n                    <\/div>\n                <\/div>\n            <\/section>\n\n            <section class=\"vazpe-section\">\n                <h2 class=\"vazpe-title-lg\">Segnalazione di violazioni<\/h2>\n                <div class=\"vazpe-highlight-box\">\n                    <h3 class=\"vazpe-title-md\">Aiutaci a prevenire l'accesso ai minori<\/h3>\n                    <p class=\"vazpe-text\">\n                        Se sospetti che qualcuno stia tentando di aggirare i nostri sistemi di verifica dell'et\u00e0 o se hai dubbi sull'accesso ai prodotti VAZPE da parte di minori, segnalalo immediatamente.\n                    <\/p>\n                    <div class=\"vazpe-contact-info\">\n                        <div class=\"vazpe-contact-item\">\n                            <span class=\"vazpe-contact-label\">Email:<\/span>\n                            <span class=\"vazpe-contact-value\"><a href=\"mailto:support@vazpe.com\">support@vazpe.com<\/a><\/span>\n                        <\/div>\n                        <div class=\"vazpe-contact-item\">\n                            <span class=\"vazpe-contact-label\">Oggetto:<\/span>\n                            <span class=\"vazpe-contact-value\">&#8220;URGENTE: Segnalazione di violazione della verifica dell'et\u00e0&#8221;<\/span>\n                        <\/div>\n                        <div class=\"vazpe-contact-item\">\n                            <span class=\"vazpe-contact-label\">Includi:<\/span>\n                            <span class=\"vazpe-contact-value\">Dettagli sulla presunta violazione, informazioni sull'account se note ed eventuali prove a supporto<\/span>\n                        <\/div>\n                    <\/div>\n                <\/div>\n            <\/section>\n\n            <section class=\"vazpe-section\">\n                <h2 class=\"vazpe-title-lg\">Aggiornamenti della policy<\/h2>\n                <p class=\"vazpe-text\">\n                    La presente Politica di verifica dell'et\u00e0 pu\u00f2 essere aggiornata periodicamente per riflettere modifiche alle leggi, ai regolamenti o alle nostre procedure di verifica. Le modifiche significative saranno comunicate agli utenti tramite:\n                <\/p>\n                <ul class=\"vazpe-content-list\">\n                    <li>Notifiche via email agli utenti registrati<\/li>\n                    <li>Avvisi sul sito web<\/li>\n                    <li>Indicazione della data di aggiornamento della policy<\/li>\n                    <li>Visualizzazione ben visibile delle modifiche<\/li>\n                <\/ul>\n            <\/section>\n\n            <section class=\"vazpe-section\">\n                <div class=\"vazpe-highlight-box\">\n                    <h3 class=\"vazpe-title-md\">Impegno per un'attivit\u00e0 commerciale responsabile<\/h3>\n                    <p class=\"vazpe-text\">\n                        VAZPE si impegna a operare come azienda responsabile nel settore del vaping. Le nostre misure complete di verifica dell'et\u00e0 riflettono il nostro impegno nel prevenire l'accesso ai minori, servendo al contempo i clienti adulti che scelgono di utilizzare i nostri prodotti.\n                    <\/p>\n                    <p class=\"vazpe-text vazpe-text-center\">\n                        <a href=\"\/it\/contact-us\/\" class=\"vazpe-btn vazpe-btn-secondary\">Contatta l'assistenza<\/a>\n                    <\/p>\n                <\/div>\n            <\/section>\n        <\/div>\n    <\/div>\n<\/div>","protected":false},"excerpt":{"rendered":"<p>Politica di verifica dell'et\u00e0 Ultimo aggiornamento: 8 settembre 2025 Solo per adulti &#8211; Et\u00e0 legale richiesta I prodotti VAZPE sono destinati esclusivamente a<\/p>","protected":false},"author":1,"featured_media":0,"parent":0,"menu_order":0,"comment_status":"closed","ping_status":"closed","template":"","meta":{"footnotes":""},"class_list":["post-29226","page","type-page","status-publish","hentry"],"jetpack_sharing_enabled":true,"_links":{"self":[{"href":"https:\/\/vazpe.com\/it\/wp-json\/wp\/v2\/pages\/29226","targetHints":{"allow":["GET"]}}],"collection":[{"href":"https:\/\/vazpe.com\/it\/wp-json\/wp\/v2\/pages"}],"about":[{"href":"https:\/\/vazpe.com\/it\/wp-json\/wp\/v2\/types\/page"}],"author":[{"embeddable":true,"href":"https:\/\/vazpe.com\/it\/wp-json\/wp\/v2\/users\/1"}],"replies":[{"embeddable":true,"href":"https:\/\/vazpe.com\/it\/wp-json\/wp\/v2\/comments?post=29226"}],"version-history":[{"count":5,"href":"https:\/\/vazpe.com\/it\/wp-json\/wp\/v2\/pages\/29226\/revisions"}],"predecessor-version":[{"id":32577,"href":"https:\/\/vazpe.com\/it\/wp-json\/wp\/v2\/pages\/29226\/revisions\/32577"}],"wp:attachment":[{"href":"https:\/\/vazpe.com\/it\/wp-json\/wp\/v2\/media?parent=29226"}],"curies":[{"name":"wp","href":"https:\/\/api.w.org\/{rel}","templated":true}]}}