{"id":30152,"date":"2025-12-27T12:58:43","date_gmt":"2025-12-27T20:58:43","guid":{"rendered":"https:\/\/vatpe.com\/?post_type=product&#038;p=30152"},"modified":"2026-04-02T05:11:17","modified_gmt":"2026-04-02T13:11:17","slug":"ultra-40k-blue-razz-cherry-and-strawberry-raspberry","status":"publish","type":"product","link":"https:\/\/vazpe.com\/ga\/products\/ultra-40k-blue-razz-cherry-and-strawberry-raspberry\/","title":{"rendered":"Blue Razz Sil\u00edn \u21c4 S\u00fa tal\u00fan S\u00fa craobh"},"content":{"rendered":"<div class=\"vazpe-container-v2\">\n<div class=\"vazpe-content-section-v2\">\n<p class=\"vazpe-description-v2\"><strong>VAZPE Ultra 40K<\/strong> sol\u00e1thra\u00edonn feidhm\u00edocht den scoth le <strong>40,000 puffs<\/strong>, <strong>urranna d\u00e9bhlas<\/strong>, agus ard- <strong>teicneola\u00edocht ceithre chorna mogaill<\/strong>. Faigh an saincheapadh deiridh le socruithe cumhachta inchoigeartaithe agus monat\u00f3ireacht st\u00e1dais f\u00edor-ama le haghaidh gaile pearsanta gan s\u00e1r\u00fa.<\/p>\n<\/div>\n<h2 class=\"vazpe-section-title-v2\">Sonra\u00edochta\u00ed Teicni\u00fala<\/h2>\n<table class=\"vazpe-tech-table-v2\">\n<tbody>\n<tr>\n<th>Ainm an T\u00e1irge<\/th>\n<td>VAZPE Ultra 40K<\/td>\n<\/tr>\n<tr>\n<th>L\u00edon Ioml\u00e1n Puffs<\/th>\n<td>40,000 Puffs<\/td>\n<\/tr>\n<tr>\n<th>Toilleadh Leachta<\/th>\n<td>36ml (D\u00e9-Urranna)<\/td>\n<\/tr>\n<tr>\n<th>Neart Nicit\u00edn<\/th>\n<td>2% (M\u00e1 theasta\u00edonn roghanna eile uait, d\u00e9an teagmh\u00e1il linn)<\/td>\n<\/tr>\n<tr>\n<th>Toilleadh Ceallra\u00ed<\/th>\n<td>850mAh In-athluchtaithe<\/td>\n<\/tr>\n<tr>\n<th>Port Luchtaithe<\/th>\n<td>Type-C<\/td>\n<\/tr>\n<tr>\n<th>Teicneola\u00edocht Coil<\/th>\n<td>Ceithre Chorna Mogaill<\/td>\n<\/tr>\n<tr>\n<th>Rial\u00fa Cumhachta<\/th>\n<td>Socruithe Cumhachta Inchoigeartaithe<\/td>\n<\/tr>\n<tr>\n<th>C\u00f3ras Taispe\u00e1na<\/th>\n<td>Sc\u00e1ile\u00e1n M\u00f3r Dinimici\u00fail le Taispe\u00e1int Dh\u00e9-Ola &amp; Cadhnra<\/td>\n<\/tr>\n<tr>\n<th>Gn\u00e9ithe S\u00e1bh\u00e1ilteachta<\/th>\n<td>Cosaint Glas Leana\u00ed<\/td>\n<\/tr>\n<tr>\n<th>Modhanna Tarraingthe<\/th>\n<td>Modhanna Tarraingthe Aonair &amp; D\u00fabailte<\/td>\n<\/tr>\n<tr>\n<th>Cr\u00edochn\u00fa Dromchla<\/th>\n<td>Priont\u00e1il UV le hAthr\u00fa Blas<\/td>\n<\/tr>\n<tr>\n<th>M\u00fanla Ceallra\u00ed<\/th>\n<td>16350<\/td>\n<\/tr>\n<\/tbody>\n<\/table>\n<h2 class=\"vazpe-section-title-v2\">C\u00e9n F\u00e1th a Roghna\u00edonn \u00das\u00e1ideoir\u00ed Ultra 40K<\/h2>\n<div class=\"vazpe-feature-grid-v2\">\n<div class=\"vazpe-feature-v2\">\n<h3 class=\"vazpe-feature-title-v2\">Feidhm\u00edocht den Scoth<\/h3>\n<p class=\"vazpe-feature-text-v2\">Sol\u00e1thra\u00edonn 40,000 puff \u00fas\u00e1id fhada le feidhm\u00edocht iontaofa, rud a fh\u00e1gann go bhfuil s\u00e9 oiri\u00fanach d\u2019\u00fas\u00e1ideoir\u00ed at\u00e1 ag lorg gal\u00fa pearsanta fadsaolach.<\/p>\n<\/div>\n<div class=\"vazpe-feature-v2\">\n<h3 class=\"vazpe-feature-title-v2\">Taith\u00ed Dh\u00e1 Bhlas<\/h3>\n<p class=\"vazpe-feature-text-v2\">Ligeann dh\u00e1 urrann bhlasta ar leith d\u2019\u00fas\u00e1ideoir\u00ed taitneamh a bhaint as blasanna \u00e9ags\u00fala ag an am c\u00e9anna n\u00f3 athr\u00fa eatarthu le haghaidh \u00e9ags\u00falachta.<\/p>\n<\/div>\n<div class=\"vazpe-feature-v2\">\n<h3 class=\"vazpe-feature-title-v2\">Ardteicneola\u00edocht Mesh<\/h3>\n<p class=\"vazpe-feature-text-v2\">Cinnt\u00edonn ceithre chorna mogaill seachadadh blais m\u00edn, comhsheasmhach agus t\u00e1irgeadh gal barrmhaith ar feadh shaolr\u00e9 an ghl\u00e9is.<\/p>\n<\/div>\n<div class=\"vazpe-feature-v2\">\n<h3 class=\"vazpe-feature-title-v2\">Monat\u00f3ireacht Chliste<\/h3>\n<p class=\"vazpe-feature-text-v2\">Sol\u00e1thra\u00edonn sc\u00e1ile\u00e1n m\u00f3r dinimici\u00fail le taispe\u00e1int dh\u00fabailte ola agus ceallra\u00ed nuashonruithe st\u00e1dais f\u00edor-ama don d\u00e1 urrann bhlasta.<\/p>\n<\/div>\n<\/div>\n<h2 class=\"vazpe-section-title-v2\">Rogha Pr\u00e9imhe Dh\u00e1 Bhlas<\/h2>\n<div class=\"vazpe-flavors-v2\">\n<div class=\"vazpe-flavor-grid-v2\">\n<div class=\"vazpe-flavor-item-v2\">S\u00fa tal\u00fan Mealbhac\u00e1n Uisce \u21c4 Kiwi Toradh Paiseanta Guava<\/div>\n<div class=\"vazpe-flavor-item-v2\">Fraoch\u00e1n S\u00fa craobh \u21c4 P\u00e9itseog Mang\u00f3 Mealbhac\u00e1n Uisce<\/div>\n<div class=\"vazpe-flavor-item-v2\">Blue Razz Gummy Bear \u21c4 S\u00fa tal\u00fan Kiwi<\/div>\n<div class=\"vazpe-flavor-item-v2\">Blue Razz Sil\u00edn \u21c4 S\u00fa tal\u00fan S\u00fa craobh<\/div>\n<div class=\"vazpe-flavor-item-v2\">L\u00edom\u00f3id &amp; Aol Siodach \u21c4 Mealbhac\u00e1n Uisce Miontas \u00dar<\/div>\n<div class=\"vazpe-flavor-item-v2\">Mealbhac\u00e1n Uisce Oighir \u21c4 Blue Razz Ice<\/div>\n<div class=\"vazpe-flavor-item-v2\">Blue Razz Anann \u21c4 Triple Mango<\/div>\n<div class=\"vazpe-flavor-item-v2\">Pl\u00e9asctha Caora F\u00edonchaor \u21c4 Piorra \u00dall S\u00fa craobh<\/div>\n<div class=\"vazpe-flavor-item-v2\">S\u00fa tal\u00fan M\u00f3n\u00f3g Sil\u00edn \u21c4 Anann Toradh Paiseanta Aol<\/div>\n<div class=\"vazpe-flavor-item-v2\">Fraoch\u00e1n S\u00fa tal\u00fan Meant\u00f3l \u21c4 Fraoch\u00e1n S\u00fa craobh Meant\u00f3l<\/div>\n<\/div>\n<\/div>\n<h2 class=\"vazpe-section-title-v2\">Bunt\u00e1ist\u00ed \u00das\u00e1ide<\/h2>\n<div class=\"vazpe-content-section-v2\">\n<ul class=\"vazpe-benefits-list-v2\">\n<li><strong>Feidhm\u00edocht Fhadaithe<\/strong> &#8211; Sol\u00e1thra\u00edonn 40,000 puff \u00fas\u00e1id fhada gan g\u00e1 an gl\u00e9as a athr\u00fa go minic<\/li>\n<li><strong>Taith\u00ed Dh\u00e1 Bhlas<\/strong> &#8211; Ligeann dh\u00e1 urrann ar leith \u00e9ags\u00falacht blasanna agus roghanna malartaithe<\/li>\n<li><strong>Ardteicneola\u00edocht<\/strong> &#8211; Cinnt\u00edonn ceithre chorna mogaill seachadadh comhsheasmhach blais agus t\u00e1irgeadh gal barrmhaith<\/li>\n<li><strong>Monat\u00f3ireacht Chliste<\/strong> &#8211; Sol\u00e1thra\u00edonn sc\u00e1ile\u00e1n m\u00f3r dinimici\u00fail st\u00e1das f\u00edor-ama don d\u00e1 urrann bhlasta<\/li>\n<li><strong>Eisp\u00e9ireas Inoiri\u00fanaithe<\/strong> &#8211; Socruithe cumhachta inchoigeartaithe agus dh\u00e1 mhodh tarraingthe le haghaidh \u00fas\u00e1ide pearsantaithe<\/li>\n<li><strong>S\u00e1bh\u00e1ilteacht Fheabhsaithe<\/strong> &#8211; Cuireann cosaint ghlais leana\u00ed cosc ar ghn\u00edomhacht\u00fa thaisme ar mhaithe le suaimhneas intinne<\/li>\n<\/ul>\n<\/div>\n<h2 class=\"vazpe-section-title-v2\">Gaileara\u00ed T\u00e1irg\u00ed<\/h2>\n<div style=\"text-align: center;\"><img decoding=\"async\" class=\"aligncenter size-full wp-image-7373\" src=\"https:\/\/raw.githubusercontent.com\/keyu3\/GK_Image\/refs\/heads\/main\/VAZPEUltra40K\/Vazpe-Ultra-40K-Puffs-All-Flvor-Des3.webp\" alt=\"ultra 40k blue razz cherry and strawberry raspberry\" width=\"1920\" height=\"1080\" \/><\/div>\n<h2 class=\"vazpe-section-title-v2\">A bhfuil \u00das\u00e1ideoir\u00ed \u00e1 R\u00e1<\/h2>\n<div class=\"vazpe-review-grid-v2\">\n<div class=\"vazpe-review-v2\">\n<div class=\"vazpe-review-stars-v2\">\u2605\u2605\u2605\u2605\u2605<\/div>\n<div class=\"vazpe-review-text-v2\">&#8220;T\u00e1 an c\u00f3ras dh\u00e1 bhlas r\u00e9abhl\u00f3ideach &#8211; is f\u00e9idir liom athr\u00fa idir blasanna tortha\u00ed agus ment\u00f3il i rith an lae. Cialla\u00edonn an 40,000 puff go maireann an gl\u00e9as seo seachtain\u00ed dom.&#8221;<\/div>\n<div class=\"vazpe-review-author-v2\">&#8211; Michael B., Ceannaitheoir F\u00edoraithe<\/div>\n<\/div>\n<div class=\"vazpe-review-v2\">\n<div class=\"vazpe-review-stars-v2\">\u2605\u2605\u2605\u2605\u2605<\/div>\n<div class=\"vazpe-review-text-v2\">&#8220;Is bre\u00e1 liom an sc\u00e1ile\u00e1n m\u00f3r a thaispe\u00e1nann leibh\u00e9il an d\u00e1 bhlas. Ligeann an chumhacht inchoigeartaithe dom an d\u00e9ine a shaincheapadh go foirfe. Motha\u00edonn c\u00e1il\u00edocht an t\u00f3g\u00e1la pr\u00e9imhe agus marthanach.&#8221;<\/div>\n<div class=\"vazpe-review-author-v2\">&#8211; Jennifer L., Ceannaitheoir F\u00edoraithe<\/div>\n<\/div>\n<div class=\"vazpe-review-v2\">\n<div class=\"vazpe-review-stars-v2\">\u2605\u2605\u2605\u2605\u2605<\/div>\n<div class=\"vazpe-review-text-v2\">&#8220;Saol ceallra\u00ed dochreidte &#8211; maireann an 850mAh tr\u00ed \u00fas\u00e1id throm. Sol\u00e1thra\u00edonn na ceithre chorna mogaill gal chomh m\u00edn sin. Foirfe do dhuine at\u00e1 ag iarraidh \u00e9ags\u00falacht gan ilghl\u00e9asanna.&#8221;<\/div>\n<div class=\"vazpe-review-author-v2\">&#8211; Robert C., Ceannaitheoir F\u00edoraithe<\/div>\n<\/div>\n<\/div>\n<\/div>\n<p><!-- SEO-R5-V2 --><\/p>\n<div class=\"vazpe-content-section-v2\">\n<h2 class=\"vazpe-section-title-v2\">C\u00e9n F\u00e1th a nOireann an Blas Seo d\u2019\u00das\u00e1id Laeth\u00fail<\/h2>\n<p class=\"vazpe-description-v2\">T\u00e1 Blue Razz Cherry \u21c4 Strawberry Raspberry deartha d\u2019\u00fas\u00e1ideoir\u00ed ar fearr leo tarraingt sheasmhach, bailchr\u00edoch ghlan, agus comhsheasmhacht phraitici\u00fail \u00f3 l\u00e1 go l\u00e1. Fanann pr\u00f3if\u00edl Ultra 40k Blue Razz Cherry And Strawberry Raspberry glan le linn seisi\u00fain rialta gan a bheith r\u00f3-l\u00e1idir.<\/p>\n<ul class=\"vazpe-benefits-list-v2\">\n<li><strong>Pr\u00f3if\u00edl bhlais:<\/strong> Ultra 40k Blue Razz Cherry And Strawberry Raspberry le pr\u00f3if\u00edl bhlais chothrom, chomhsheasmhach.<\/li>\n<li><strong>Su\u00edomh sa tsraith:<\/strong> T\u00f3gtha laistigh den VAZPE Series le haghaidh aschur comhsheasmhach agus eisp\u00e9ireas cobhsa\u00ed.<\/li>\n<li><strong>Praitici\u00falacht laeth\u00fail:<\/strong> \u00c9asca le hiompar agus simpl\u00ed le h\u00fas\u00e1id i ngn\u00e1thamh laeth\u00fail le haghaidh comait\u00e9ireachta, sosanna oibre, n\u00f3 \u00fas\u00e1ide tr\u00e1thn\u00f3na.<\/li>\n<li><strong>F\u00f3cas an cheannaitheora:<\/strong> Eolas soil\u00e9ir faoin t\u00e1irge, naisc thr\u00e9dhearcacha chuig polasaithe, agus rochtain dh\u00edreach ar thaca\u00edocht.<\/li>\n<\/ul>\n<\/div>\n<div class=\"vazpe-content-section-v2\">\n<h2 class=\"vazpe-section-title-v2\">C\u00e9n F\u00e1th a gCuireann Ceannaitheoir\u00ed Muin\u00edn i dTaca\u00edocht VAZPE<\/h2>\n<div class=\"vazpe-feature-grid-v2\">\n<div class=\"vazpe-feature-v2\">\n<h3 class=\"vazpe-feature-title-v2\">Soil\u00e9ireacht Loingseoireachta<\/h3>\n<p class=\"vazpe-feature-text-v2\">T\u00e1 aml\u00ednte seachadta agus n\u00f3ta\u00ed r\u00e9igi\u00fanacha liostaithe in <a href=\"\/ga\/shipping-and-delivery\/\">Loingseoireacht agus Seachadadh<\/a>.<\/p>\n<\/p><\/div>\n<div class=\"vazpe-feature-v2\">\n<h3 class=\"vazpe-feature-title-v2\">L\u00e1imhse\u00e1il Iar-d\u00edolach\u00e1in<\/h3>\n<p class=\"vazpe-feature-text-v2\">T\u00e1 eisceachta\u00ed ordaithe agus l\u00e1imhse\u00e1il tuairisce\u00e1n doicim\u00e9adaithe sa <a href=\"\/ga\/return-policy\/\">Polasa\u00ed Tuairisce\u00e1in<\/a>.<\/p>\n<\/p><\/div>\n<div class=\"vazpe-feature-v2\">\n<h3 class=\"vazpe-feature-title-v2\">Cabhair Roimh Cheannach<\/h3>\n<p class=\"vazpe-feature-text-v2\">Le haghaidh ceisteanna faoi mh\u00fanla n\u00f3 blas roimh an tseice\u00e1il amach, \u00fas\u00e1id an <a href=\"\/ga\/contact-us\/\">Leathanach Teagmh\u00e1la<\/a>.<\/p>\n<\/p><\/div>\n<div class=\"vazpe-feature-v2\">\n<h3 class=\"vazpe-feature-title-v2\">Comhl\u00edonadh ar dT\u00fas<\/h3>\n<p class=\"vazpe-feature-text-v2\">Leanann gach d\u00edolach\u00e1n t\u00e1irge na ceanglais do dhaoine f\u00e1sta amh\u00e1in agus na hionchais rial\u00e1la \u00e1iti\u00fala.<\/p>\n<\/p><\/div>\n<\/p><\/div>\n<\/div>\n<div class=\"vazpe-disclaimer-v2\">F\u00f3gra T\u00e1bhachtach: T\u00e1 an t\u00e1irge seo beartaithe d\u2019\u00fas\u00e1id daoine f\u00e1sta amh\u00e1in. N\u00edl s\u00e9 le d\u00edol le mionaoisigh. Coinnigh amach as teacht leana\u00ed agus peata\u00ed \u00e9. Le haghaidh \u00fas\u00e1ide daoine f\u00e1sta amh\u00e1in de r\u00e9ir rialach\u00e1in \u00e1iti\u00fala. T\u00e1 s\u00edni\u00fa \u00f3 dhuine f\u00e1sta riachtanach ar sheachadadh.<\/div>","protected":false},"excerpt":{"rendered":"<p>Sol\u00e1thra\u00edonn VAZPE Ultra 40K feidhm\u00edocht den scoth le 40,000 puffs, urranna d\u00e9bhlas, agus ardteicneola\u00edocht ceithre chorna mogaill. Faigh taith\u00ed ar an<\/p>","protected":false},"featured_media":30122,"comment_status":"open","ping_status":"closed","template":"","meta":[],"product_brand":[200],"product_cat":[249],"product_tag":[223,210,211,222,203],"class_list":{"0":"post-30152","1":"product","2":"type-product","3":"status-publish","4":"has-post-thumbnail","6":"product_brand-vazpe","7":"product_cat-ultra-40k","8":"product_tag-40k","9":"product_tag-40k-puffs","10":"product_tag-ultra","11":"product_tag-ultra-40k","12":"product_tag-vazpe","14":"first","15":"outofstock","16":"sale","17":"shipping-taxable","18":"purchasable","19":"product-type-simple"},"jetpack_sharing_enabled":true,"_links":{"self":[{"href":"https:\/\/vazpe.com\/ga\/wp-json\/wp\/v2\/product\/30152","targetHints":{"allow":["GET"]}}],"collection":[{"href":"https:\/\/vazpe.com\/ga\/wp-json\/wp\/v2\/product"}],"about":[{"href":"https:\/\/vazpe.com\/ga\/wp-json\/wp\/v2\/types\/product"}],"replies":[{"embeddable":true,"href":"https:\/\/vazpe.com\/ga\/wp-json\/wp\/v2\/comments?post=30152"}],"version-history":[{"count":5,"href":"https:\/\/vazpe.com\/ga\/wp-json\/wp\/v2\/product\/30152\/revisions"}],"predecessor-version":[{"id":32646,"href":"https:\/\/vazpe.com\/ga\/wp-json\/wp\/v2\/product\/30152\/revisions\/32646"}],"wp:featuredmedia":[{"embeddable":true,"href":"https:\/\/vazpe.com\/ga\/wp-json\/wp\/v2\/media\/30122"}],"wp:attachment":[{"href":"https:\/\/vazpe.com\/ga\/wp-json\/wp\/v2\/media?parent=30152"}],"wp:term":[{"taxonomy":"product_brand","embeddable":true,"href":"https:\/\/vazpe.com\/ga\/wp-json\/wp\/v2\/product_brand?post=30152"},{"taxonomy":"product_cat","embeddable":true,"href":"https:\/\/vazpe.com\/ga\/wp-json\/wp\/v2\/product_cat?post=30152"},{"taxonomy":"product_tag","embeddable":true,"href":"https:\/\/vazpe.com\/ga\/wp-json\/wp\/v2\/product_tag?post=30152"}],"curies":[{"name":"wp","href":"https:\/\/api.w.org\/{rel}","templated":true}]}}