{"id":29224,"date":"2025-12-22T15:49:43","date_gmt":"2025-12-22T23:49:43","guid":{"rendered":"https:\/\/vatpe.com\/?page_id=29224"},"modified":"2026-02-23T18:41:40","modified_gmt":"2026-02-24T02:41:40","slug":"about-us","status":"publish","type":"page","link":"https:\/\/vazpe.com\/ga\/about-us\/","title":{"rendered":"F\u00fainn"},"content":{"rendered":"<div class=\"vazpe-main\">\n    <div class=\"vazpe-container\">\n        <div class=\"vazpe-page-header\">\n            <h1 class=\"vazpe-title-xl\">Maidir le VAZPE<\/h1>\n            <p class=\"vazpe-text\">Ag treor\u00fa thodhcha\u00ed eisp\u00e9iris pr\u00e9imhe vap\u00e1la ar fud an domhain<\/p>\n        <\/div>\n\n        <div class=\"vazpe-page-content\">\n            <section class=\"vazpe-section\">\n                <h2 class=\"vazpe-title-lg\">\u00c1r Sc\u00e9al<\/h2>\n                <p class=\"vazpe-text\">Buna\u00edodh VAZPE le f\u00eds shoil\u00e9ir: t\u00e1irg\u00ed vap\u00e1la s\u00e1bh\u00e1ilte, iontaofa agus taitneamhacha a dh\u00e9anamh inrochtana do gach duine f\u00e1sta.<\/p>\n                <p class=\"vazpe-text\">T\u00e1 VAZPE leathnaithe go hidirn\u00e1isi\u00fanta agus \u00e1r bpr\u00edomhthiomantas do ch\u00e1il\u00edocht t\u00e1irg\u00ed agus do sh\u00e1stacht custaim\u00e9ir\u00ed \u00e1 choinne\u00e1il againn. T\u00e9ann gach t\u00e1irge tr\u00ed phr\u00f3tacail dhiana t\u00e1st\u00e1la, agus leanaimid orainn ag tabhairt tosa\u00edochta d'fheidhmi\u00falacht agus d'iontaofacht seachas castacht neamhriachtanach.<\/p>\n            <\/section>\n\n            <section class=\"vazpe-section\">\n                <h2 class=\"vazpe-title-lg\">\u00c1r Misean<\/h2>\n                <div class=\"vazpe-highlight-box\">\n                    <h3 class=\"vazpe-title-md\">R\u00e9itigh V\u00e1p\u00e1la Iontaofa a Shol\u00e1thar<\/h3>\n                    <p class=\"vazpe-text\">\n                        Is \u00e9 \u00e1r misean t\u00e1irg\u00ed vap\u00e1la iontaofa, dea-dheartha a chur ar f\u00e1il d'\u00fas\u00e1ideoir\u00ed f\u00e1sta a chomhl\u00edonann ionchais feidhm\u00edochta go seasta. D\u00edr\u00edmid ar fhadhbanna coitianta amhail sceitheadh, aschur neamhr\u00e9ireach, agus teip luath gl\u00e9is a dh\u00edchur tr\u00ed dhearadh c\u00faramach agus tr\u00ed phr\u00f3isis d\u00e9ant\u00fasa\u00edochta ardchaighde\u00e1in.\n                    <\/p>\n                <\/div>\n            <\/section>\n\n            <section class=\"vazpe-section\">\n                <h2 class=\"vazpe-title-lg\">Bunluachanna<\/h2>\n                <div class=\"vazpe-grid vazpe-grid-2\">\n                    <div class=\"vazpe-card\">\n                        <h3 class=\"vazpe-title-md\">Dearbh\u00fa C\u00e1il\u00edochta<\/h3>\n                        <p class=\"vazpe-text\">\n                            T\u00e9ann gach t\u00e1irge VAZPE tr\u00ed phr\u00f3tacail chuimsitheacha t\u00e1st\u00e1la sula sroicheann s\u00e9 custaim\u00e9ir\u00ed. \u00c1ir\u00edtear in\u00e1r bpr\u00f3isis rialaithe c\u00e1il\u00edochta t\u00e1st\u00e1il marthanachta, f\u00edor\u00fa feidhm\u00edochta, agus c\u00e1sanna \u00fas\u00e1ide sa saol f\u00edor chun oibri\u00fa iontaofa a chinnti\u00fa.\n                        <\/p>\n                    <\/div>\n                    <div class=\"vazpe-card\">\n                        <h3 class=\"vazpe-title-md\">Dearadh D\u00edrithe ar an \u00das\u00e1ideoir<\/h3>\n                        <p class=\"vazpe-text\">\n                            Tugaimid tosa\u00edocht d'fheidhmi\u00falacht agus d'\u00e9asca\u00edocht \u00fas\u00e1ide in\u00e1r bhforbairt t\u00e1irg\u00ed. In ionad castacht neamhriachtanach a chur leis, d\u00edr\u00edmid ar ghn\u00e9ithe riachtanacha a fheabhsa\u00edonn taith\u00ed an \u00fas\u00e1ideora agus iontaofacht agus feidhm\u00edocht \u00e1 gcoinne\u00e1il.\n                        <\/p>\n                    <\/div>\n                    <div class=\"vazpe-card\">\n                        <h3 class=\"vazpe-title-md\">Taca\u00edocht Ghairmi\u00fail<\/h3>\n                        <p class=\"vazpe-text\">\n                            T\u00e1 gairmithe eolacha ar \u00e1r dt\u00e1irg\u00ed agus ar an tionscal veipe\u00e1la ar fhoireann \u00e1r seirbh\u00edse do chustaim\u00e9ir\u00ed. Cuirimid c\u00fanamh d\u00edreach, pearsantaithe ar f\u00e1il chun aon cheisteanna n\u00f3 \u00e1bhair imn\u00ed a r\u00e9iteach go h\u00e9ifeacht\u00fail.\n                        <\/p>\n                    <\/div>\n                    <div class=\"vazpe-card\">\n                        <h3 class=\"vazpe-title-md\">Feabhs\u00fa Lean\u00fanach<\/h3>\n                        <p class=\"vazpe-text\">\n                            T\u00e1 r\u00f3l r\u00edth\u00e1bhachtach ag aiseolas custaim\u00e9ir\u00ed in\u00e1r bpr\u00f3iseas forbartha t\u00e1irg\u00ed. Bail\u00edmid agus d\u00e9anaimid anail\u00eds ghn\u00edomhach ar eisp\u00e9iris \u00fas\u00e1ideoir\u00ed chun r\u00e9ims\u00ed le feabhs\u00fa a aithint agus feabhsuithe a chur i bhfeidhm in atriallta t\u00e1irg\u00ed amach anseo.\n                        <\/p>\n                    <\/div>\n                <\/div>\n            <\/section>\n\n            <section class=\"vazpe-section\">\n                <h2 class=\"vazpe-title-lg\">Feals\u00fanacht Forbartha T\u00e1irg\u00ed<\/h2>\n                <p class=\"vazpe-text\">\n                    D\u00edr\u00edonn \u00e1r gcur chuige i leith forbartha t\u00e1irg\u00ed ar fheidhmi\u00falacht phraitici\u00fail agus ar sh\u00e1stacht an \u00fas\u00e1ideora. Creidimid gur cheart do ghl\u00e9asanna veipe\u00e1la \u00e9ifeachtacha lu\u00ed go n\u00e1d\u00fartha le gn\u00e1thaimh laeth\u00fala agus feidhm\u00edocht chomhsheasmhach chomh maith le tarraingteacht aeist\u00e9iti\u00fail a choinne\u00e1il.\n                <\/p>\n                <ul class=\"vazpe-content-list\">\n                    <li><strong>Feidhm\u00edocht Iontaofa:<\/strong> Tugaimid t\u00fas \u00e1ite d'oibri\u00fa comhsheasmhach, do chosc sceite agus do sheachadadh blas optamach tr\u00ed innealt\u00f3ireacht ch\u00faramach agus roghn\u00fa comhph\u00e1irteanna.<\/li>\n                    <li><strong>T\u00f3g\u00e1il Mharthanach:<\/strong> \u00das\u00e1ideann \u00e1r dt\u00e1irg\u00ed \u00e1bhair ardchaighde\u00e1in agus pr\u00f3isis d\u00e9ant\u00fasa\u00edochta at\u00e1 deartha chun \u00fas\u00e1id rialta a sheasamh agus caighde\u00e1in feidhm\u00edochta \u00e1 gcoinne\u00e1il acu.<\/li>\n                    <li><strong>Dearadh Eirgeanama\u00edoch:<\/strong> Cuirimid compord, iniomparthacht agus \u00e9asca\u00edocht \u00fas\u00e1ide san \u00e1ireamh i rith an phr\u00f3isis deartha chun a chinnti\u00fa go n-oireann \u00e1r ngl\u00e9asanna go maith do ghn\u00e1thaimh laeth\u00fala \u00fas\u00e1ideoir\u00ed&#8217;.<\/li>\n                    <li><strong>T\u00e1st\u00e1il Chuimsitheach:<\/strong> Sula seoltar iad, d\u00e9antar t\u00e1st\u00e1il fhairsing ar \u00e1r dt\u00e1irg\u00ed i gcoinn\u00edollacha \u00e9ags\u00fala den saol f\u00edor chun feidhm\u00edocht a fh\u00edor\u00fa agus feabhsuithe f\u00e9ideartha a aithint.<\/li>\n                <\/ul>\n            <\/section>\n\n            <section class=\"vazpe-section\">\n                <h2 class=\"vazpe-title-lg\">Tiomantas Domhanda<\/h2>\n                <p class=\"vazpe-text\">\n                    Lonnaithe i nDresden na Gearm\u00e1ine, coinn\u00edonn VAZPE bonn l\u00e1idir Eorpach agus \u00e9 ag freastal ar chustaim\u00e9ir\u00ed ar fud ilchr\u00edocha \u00e9ags\u00fala. Cinnt\u00edonn \u00e1r dtiomantas do chaighde\u00e1in idirn\u00e1isi\u00fanta agus do chomhl\u00edonadh rial\u00e1la go gcomhl\u00edonann \u00e1r dt\u00e1irg\u00ed riachtanais \u00e9ags\u00fala na marga\u00ed domhanda.\n                <\/p>\n                <div class=\"vazpe-grid vazpe-grid-3\">\n                    <div class=\"vazpe-card\">\n                        <h3 class=\"vazpe-title-md\">S\u00e1rmhaitheas Eorpach<\/h3>\n                        <p class=\"vazpe-text\">\n                            Agus \u00e1r gceanncheathr\u00fa sa Ghearm\u00e1in, clo\u00edmid le dianchaighde\u00e1in ch\u00e1il\u00edochta agus creata\u00ed rial\u00e1la Eorpacha, rud a chinnt\u00edonn go gcomhl\u00edonann \u00e1r dt\u00e1irg\u00ed na crit\u00e9ir is airde s\u00e1bh\u00e1ilteachta agus feidhm\u00edochta.\n                        <\/p>\n                    <\/div>\n                    <div class=\"vazpe-card\">\n                        <h3 class=\"vazpe-title-md\">L\u00e1ithreacht Dhomhanda<\/h3>\n                        <p class=\"vazpe-text\">\n                            S\u00edneann \u00e1r l\u00edonra d\u00e1ileach\u00e1in thar iliomad t\u00edortha, rud a chuireann ar \u00e1r gcumas freastal ar mharga\u00ed \u00e9ags\u00fala agus c\u00e1il\u00edocht t\u00e1irg\u00ed agus caighde\u00e1in seirbh\u00edse do chustaim\u00e9ir\u00ed chomhsheasmhacha \u00e1 gcoinne\u00e1il againn.\n                        <\/p>\n                    <\/div>\n                    <div class=\"vazpe-card\">\n                        <h3 class=\"vazpe-title-md\">Taca\u00edocht \u00c1iti\u00fail<\/h3>\n                        <p class=\"vazpe-text\">\n                            Cuirimid taca\u00edocht \u00e1iti\u00falaithe do chustaim\u00e9ir\u00ed ar f\u00e1il agus comhl\u00edonaimid rialach\u00e1in r\u00e9igi\u00fanacha, rud a chinnt\u00edonn eisp\u00e9ireas gan str\u00f3 d\u00e1r mbonn custaim\u00e9ir\u00ed idirn\u00e1isi\u00fanta.\n                        <\/p>\n                    <\/div>\n                <\/div>\n            <\/section>\n\n            <section class=\"vazpe-section\">\n                <h2 class=\"vazpe-title-lg\">Inbhuanaitheacht &#038; Freagracht<\/h2>\n                <p class=\"vazpe-text\">\n                    Mar chuideachta fhreagrach sa tionscal veipe\u00e1la, t\u00e1 VAZPE tiomanta do chleachtais inbhuanaithe agus d'oibr\u00edochta\u00ed gn\u00f3 eitici\u00fala. Aithn\u00edmid \u00e1r bhfreagracht don chomhshaol agus do na pobail a bhfreastala\u00edmid orthu.\n                <\/p>\n                <div class=\"vazpe-highlight-box\">\n                    <h3 class=\"vazpe-title-md\">Maoirseacht Chomhshaoil<\/h3>\n                    <p class=\"vazpe-text\">\n                        Oibr\u00edmid go gn\u00edomhach chun \u00e1r dtionchar comhshaoil a \u00edoslaghd\u00fa tr\u00ed fhoinsi\u00fa freagrach, pr\u00f3isis d\u00e9ant\u00fasa\u00edochta \u00e9ifeacht\u00fala agus forbairt comhph\u00e1irteanna t\u00e1irg\u00ed in-athch\u00fars\u00e1ilte. \u00das\u00e1ideann \u00e1r bpac\u00e1isti\u00fa \u00e1bhair at\u00e1 neamhdh\u00edobh\u00e1lach don chomhshaol wherever possible, agus b\u00edmid i gc\u00f3na\u00ed ag lorg beala\u00ed chun dramha\u00edl a laghd\u00fa ar fud \u00e1r slabhra sol\u00e1thair.\n                    <\/p>\n                <\/div>\n            <\/section>\n\n            <section class=\"vazpe-section\">\n                <h2 class=\"vazpe-title-lg\">Ag Breathn\u00fa Chun Cinn<\/h2>\n                <p class=\"vazpe-text\">\n                    T\u00e1 f\u00e9idearthachta\u00ed ollmh\u00f3ra i nd\u00e1n do thodhcha\u00ed theicneola\u00edocht na veipe\u00e1la, agus t\u00e1 VAZPE i riocht maith chun na nu\u00e1la\u00edochta\u00ed seo a threor\u00fa. T\u00e1 \u00e1r bhfoirne taighde agus forbartha i gc\u00f3na\u00ed ag fiosr\u00fa teicneola\u00edochta\u00ed, \u00e1bhair agus coincheapa deartha nua a mh\u00fanl\u00f3idh an ch\u00e9ad ghl\u00fain eile de th\u00e1irg\u00ed veipe\u00e1la.\n                <\/p>\n                <p class=\"vazpe-text\">\n                    Fanann muid d\u00edlis d\u00e1r bprionsabail bhunaidh agus muid ag oiri\u00fan\u00fa do riachtanais athraitheacha \u00e1r gcustaim\u00e9ir\u00ed agus don t\u00edrdhreach rial\u00e1la. De r\u00e9ir mar a leanaimid orainn ag f\u00e1s, fanfaidh \u00e1r bhf\u00f3cas ar ch\u00e1il\u00edocht, ar nu\u00e1la\u00edocht agus ar sh\u00e1stacht custaim\u00e9ir\u00ed gan staonadh.\n                <\/p>\n            <\/section>\n\n            <section class=\"vazpe-section\">\n                <div class=\"vazpe-highlight-box\">\n                    <h3 class=\"vazpe-title-md\">D\u00e9an Teagmh\u00e1il le VAZPE<\/h3>\n                    <p class=\"vazpe-text\">\n                        R\u00e9idh le taith\u00ed a fh\u00e1il ar an difr\u00edocht VAZPE? D\u00e9an ini\u00fachadh ar \u00e1r raon pr\u00e9imhe t\u00e1irg\u00ed agus b\u00ed i measc na m\u00edlte custaim\u00e9ir s\u00e1sta ar fud an domhain a roghnaigh VAZPE mar an branda iontaofa d\u00f3ibh le haghaidh eisp\u00e9iris veipe\u00e1la den scoth.\n                    <\/p>\n                    <p class=\"vazpe-text vazpe-text-center\">\n                        <a href=\"\/ga\/contact-us\/\" class=\"vazpe-btn vazpe-btn-secondary\">D\u00e9an Teagmh\u00e1il Linn<\/a>\n                    <\/p>\n                <\/div>\n            <\/section>\n        <\/div>\n    <\/div>\n<\/div>\n\n\n\n<p><\/p>","protected":false},"excerpt":{"rendered":"<p>Maidir le VAZPE Ceannr\u00f3da\u00edocht a dh\u00e9anamh ar thodhcha\u00ed eisp\u00e9iris phr\u00e9imhe vape\u00e1la ar fud an domhain \u00c1r Sc\u00e9al Buna\u00edodh VAZPE le f\u00eds shoil\u00e9ir: chun<\/p>","protected":false},"author":1,"featured_media":0,"parent":0,"menu_order":0,"comment_status":"closed","ping_status":"closed","template":"","meta":{"footnotes":""},"class_list":["post-29224","page","type-page","status-publish","hentry"],"jetpack_sharing_enabled":true,"_links":{"self":[{"href":"https:\/\/vazpe.com\/ga\/wp-json\/wp\/v2\/pages\/29224","targetHints":{"allow":["GET"]}}],"collection":[{"href":"https:\/\/vazpe.com\/ga\/wp-json\/wp\/v2\/pages"}],"about":[{"href":"https:\/\/vazpe.com\/ga\/wp-json\/wp\/v2\/types\/page"}],"author":[{"embeddable":true,"href":"https:\/\/vazpe.com\/ga\/wp-json\/wp\/v2\/users\/1"}],"replies":[{"embeddable":true,"href":"https:\/\/vazpe.com\/ga\/wp-json\/wp\/v2\/comments?post=29224"}],"version-history":[{"count":4,"href":"https:\/\/vazpe.com\/ga\/wp-json\/wp\/v2\/pages\/29224\/revisions"}],"predecessor-version":[{"id":32578,"href":"https:\/\/vazpe.com\/ga\/wp-json\/wp\/v2\/pages\/29224\/revisions\/32578"}],"wp:attachment":[{"href":"https:\/\/vazpe.com\/ga\/wp-json\/wp\/v2\/media?parent=29224"}],"curies":[{"name":"wp","href":"https:\/\/api.w.org\/{rel}","templated":true}]}}