{"id":29246,"date":"2025-12-22T16:09:46","date_gmt":"2025-12-23T00:09:46","guid":{"rendered":"https:\/\/vatpe.com\/?page_id=29246"},"modified":"2026-02-28T17:17:58","modified_gmt":"2026-03-01T01:17:58","slug":"wholesale-and-dealer-program","status":"publish","type":"page","link":"https:\/\/vazpe.com\/de\/wholesale-and-dealer-program\/","title":{"rendered":"Gro\u00dfhandel &amp; H\u00e4ndlerprogramm"},"content":{"rendered":"<div class=\"vazpe-main\">\n    <div class=\"vazpe-container\">\n        <div class=\"vazpe-page-header\">\n            <h1 class=\"vazpe-title-xl\">Gro\u00dfhandels-, H\u00e4ndler- &#038; OEM-Programm<\/h1>\n            <p class=\"vazpe-text\">Arbeiten Sie direkt mit dem Hersteller zusammen und profitieren Sie von unschlagbaren Margen, Premium-Qualit\u00e4t und flexiblen Gesch\u00e4ftsl\u00f6sungen.<\/p>\n        <\/div>\n\n        <div class=\"vazpe-page-content\">\n            <section class=\"vazpe-section\">\n                <div class=\"vazpe-highlight-box\">\n                    <h3 class=\"vazpe-title-md\">Direkter Hersteller &#038; starke Lieferkette<\/h3>\n                    <p class=\"vazpe-text\">\n                        Im Gegensatz zu traditionellen Distributoren ist VAZPE ein <strong>integriertes Industrie- und Handelsunternehmen<\/strong>. Wir verf\u00fcgen \u00fcber hochmoderne Produktionsst\u00e4tten und integrieren Forschung und Entwicklung, Produktion sowie weltweiten Vertrieb nahtlos. Dank unseres starken Lieferkettenvorteils schalten wir Zwischenh\u00e4ndler aus und liefern Ihnen direkt maximale Gewinnmargen. Heute unterst\u00fctzen wir stolz <strong>mehr als 10.000 Gesch\u00e4ftspartner weltweit<\/strong> in \u00fcber 50 L\u00e4ndern.\n                    <\/p>\n                <\/div>\n            <\/section>\n\n            <section class=\"vazpe-section\">\n                <h2 class=\"vazpe-title-lg\">Flexible Partnerschaftsm\u00f6glichkeiten<\/h2>\n                <p class=\"vazpe-text\">Ob Sie ein globaler Distributor oder ein wachsender lokaler Vape-Shop sind \u2013 wir haben ma\u00dfgeschneiderte L\u00f6sungen, um Ihr Gesch\u00e4ft zu skalieren.<\/p>\n                \n                <div class=\"vazpe-grid vazpe-grid-3\">\n                    <div class=\"vazpe-card\">\n                        <h3 class=\"vazpe-title-md\">Wachsende H\u00e4ndler (ideal f\u00fcr kleine Unternehmen)<\/h3>\n                        <p class=\"vazpe-text\">\n                            Perfekt f\u00fcr lokale Vape-Shops, Online-Start-ups und Fachgesch\u00e4fte, die eine zuverl\u00e4ssige Produktquelle ohne hohe finanzielle Belastung suchen.\n                        <\/p>\n                        <ul class=\"vazpe-content-list\">\n                            <li><strong>Niedrige MOQ<\/strong> um Ihnen zu helfen, den Markt zu testen<\/li>\n                            <li>Schneller Versand &#038; reaktionsschneller Support<\/li>\n                            <li>Kostenlose Marketing- &#038; Displaymaterialien<\/li>\n                            <li>Keine komplexen Genehmigungsh\u00fcrden<\/li>\n                        <\/ul>\n                    <\/div>\n                    <div class=\"vazpe-card\">\n                        <h3 class=\"vazpe-title-md\">Gro\u00dfh\u00e4ndler &#038; Distributoren<\/h3>\n                        <p class=\"vazpe-text\">\n                            Ideal f\u00fcr etablierte Unternehmen mit starken Vertriebsnetzwerken, die gro\u00dfe Volumen und eine stabile Versorgung ben\u00f6tigen.\n                        <\/p>\n                        <ul class=\"vazpe-content-list\">\n                            <li>Unschlagbare Gro\u00dfhandelspreise direkt ab Werk<\/li>\n                            <li>Exklusiver Gebietsschutz verf\u00fcgbar<\/li>\n                            <li>Priorisierte Produktion &#038; dedizierter Account Manager<\/li>\n                            <li>Progressive Anreize basierend auf dem Volumen<\/li>\n                        <\/ul>\n                    <\/div>\n                    <div class=\"vazpe-card\">\n                        <h3 class=\"vazpe-title-md\">OEM \/ ODM-Anpassung<\/h3>\n                        <p class=\"vazpe-text\">\n                            Sie m\u00f6chten Ihre eigene Marke aufbauen? Nutzen Sie unsere St\u00e4rke in R&#038;D und Fertigung, um Ihre Vision Wirklichkeit werden zu lassen.\n                        <\/p>\n                        <ul class=\"vazpe-content-list\">\n                            <li>Individuelle Produktentwicklung von Anfang bis Ende<\/li>\n                            <li>Private Labeling &#038; individuelle Verpackungen<\/li>\n                            <li>Exklusive Geschmacksformulierung<\/li>\n                            <li>Strenge Qualit\u00e4tskontrolle (QC) in jedem Schritt<\/li>\n                        <\/ul>\n                    <\/div>\n                <\/div>\n            <\/section>\n\n            <section class=\"vazpe-section\">\n                <h2 class=\"vazpe-title-lg\">Warum VAZPE als Ihren Lieferanten w\u00e4hlen?<\/h2>\n                \n                <div class=\"vazpe-grid vazpe-grid-2\">\n                    <div class=\"vazpe-card\">\n                        <h3 class=\"vazpe-title-md\">Un\u00fcbertroffene Gewinnmargen<\/h3>\n                        <p class=\"vazpe-text\">\n                            Da Sie direkt ab Werk kaufen, entfallen Aufschl\u00e4ge durch Zwischenh\u00e4ndler. Wir bieten hoch wettbewerbsf\u00e4hige, gestaffelte Preisstrukturen, die auf Ihr konkretes Bestellvolumen und Ihr Gesch\u00e4ftsmodell zugeschnitten sind. <strong>Kontaktieren Sie noch heute unser VIP-Vertriebsteam, um Ihr individuelles Angebot zu erhalten.<\/strong>\n                        <\/p>\n                    <\/div>\n                    <div class=\"vazpe-card\">\n                        <h3 class=\"vazpe-title-md\">Stabile &#038; leistungsstarke Lieferkette<\/h3>\n                        <p class=\"vazpe-text\">\n                            Bestandsengp\u00e4sse kosten Sie Geld. Unsere hausinternen Produktionskapazit\u00e4ten und unsere robuste Rohstoff-Lieferkette stellen sicher, dass Ihre Bestellungen selbst in Spitzenzeiten immer p\u00fcnktlich erf\u00fcllt werden.\n                        <\/p>\n                    <\/div>\n                    <div class=\"vazpe-card\">\n                        <h3 class=\"vazpe-title-md\">Premium-Qualit\u00e4tssicherung<\/h3>\n                        <p class=\"vazpe-text\">\n                            Jedes VAZPE Produkt durchl\u00e4uft strenge internationale Qualit\u00e4tskontrolltests, bevor es unser Werk verl\u00e4sst. Wir stehen hinter unserer Fertigung, damit Ihre Kunden immer wieder gerne zur\u00fcckkommen.\n                        <\/p>\n                    <\/div>\n                    <div class=\"vazpe-card\">\n                        <h3 class=\"vazpe-title-md\">Marketing- &#038; Markenunterst\u00fctzung<\/h3>\n                        <p class=\"vazpe-text\">\n                            Wir verkaufen Ihnen nicht nur Produkte \u2013 wir helfen Ihnen auch, sie zu verkaufen. Erhalten Sie Zugriff auf unsere umfangreiche Bibliothek mit hochwertigen Produktfotos, Social-Media-Assets und lokalisierten Marketing-Insights.\n                        <\/p>\n                    <\/div>\n                <\/div>\n            <\/section>\n\n            <section class=\"vazpe-section\">\n                <h2 class=\"vazpe-title-lg\">Ein unkomplizierter Start<\/h2>\n                <p class=\"vazpe-text\">Wir glauben daran, Gesch\u00e4fte einfach zu machen. Vergessen Sie Berge von Papierkram. So starten wir gemeinsam unsere Zusammenarbeit:<\/p>\n                \n                <div class=\"vazpe-grid vazpe-grid-3\">\n                    <div class=\"vazpe-card\">\n                        <h3 class=\"vazpe-title-md\">Schritt 1: Kontakt aufnehmen<\/h3>\n                        <p class=\"vazpe-text\">Schreiben Sie uns eine E-Mail und erz\u00e4hlen Sie uns kurz etwas \u00fcber Ihr Unternehmen \u2013 ob Sie ein Startup sind, das nach Low MOQ sucht, oder ein Gro\u00dfunternehmen mit Interesse an OEM.<\/p>\n                    <\/div>\n                    <div class=\"vazpe-card\">\n                        <h3 class=\"vazpe-title-md\">Schritt 2: Individuelles Angebot<\/h3>\n                        <p class=\"vazpe-text\">Unser engagierter B2B-Manager wird sich umgehend mit Ihnen in Verbindung setzen, um Ihre Anforderungen zu verstehen und Ihnen ein Preisangebot direkt ab Werk zu unterbreiten.<\/p>\n                    <\/div>\n                    <div class=\"vazpe-card\">\n                        <h3 class=\"vazpe-title-md\">Schritt 3: Versenden &#038; wachsen<\/h3>\n                        <p class=\"vazpe-text\">Sobald alles best\u00e4tigt ist, versendet unser Werk Ihre Bestellung z\u00fcgig. Anschlie\u00dfend unterst\u00fctzen wir Sie laufend dabei, Ihren lokalen Markt erfolgreich zu erobern.<\/p>\n                    <\/div>\n                <\/div>\n            <\/section>\n\n            <section class=\"vazpe-section\">\n                <h2 class=\"vazpe-title-lg\">H\u00e4ufig gestellte Fragen<\/h2>\n\n                <div class=\"vazpe-faq-item\">\n                    <h3 class=\"vazpe-faq-question\">Ich f\u00fchre ein kleines\/neues Unternehmen. Kann ich trotzdem im Gro\u00dfhandel einkaufen?<\/h3>\n                    <div class=\"vazpe-faq-answer\">\n                        <p class=\"vazpe-text\">\n                            Absolut! Wir sch\u00e4tzen unsere aufstrebenden Partner sehr. Wir bieten sehr attraktive <strong>Low MOQ (Minimum Order Quantity)<\/strong> Optionen, damit Sie starten k\u00f6nnen, ohne Ihren Cashflow zu stark zu belasten. Kontaktieren Sie uns, und wir&#8217;ll finden das perfekte Starterpaket f\u00fcr Sie.\n                        <\/p>\n                    <\/div>\n                <\/div>\n\n                <div class=\"vazpe-faq-item\">\n                    <h3 class=\"vazpe-faq-question\">Bieten Sie OEM\/ODM-Services an?<\/h3>\n                    <div class=\"vazpe-faq-answer\">\n                        <p class=\"vazpe-text\">\n                            Ja. Als integrierter Hersteller aus Industrie und Handel geh\u00f6ren OEM und ODM zu unseren Kernkompetenzen. Von Industriedesign und Aromaentwicklung bis hin zu ma\u00dfgeschneiderter Verpackung kann unser Engineering-Team Ihre einzigartige Marke von Grund auf aufbauen.\n                        <\/p>\n                    <\/div>\n                <\/div>\n\n                <div class=\"vazpe-faq-item\">\n                    <h3 class=\"vazpe-faq-question\">Woher wei\u00df ich, welchen Rabatt ich bekomme?<\/h3>\n                    <div class=\"vazpe-faq-answer\">\n                        <p class=\"vazpe-text\">\n                            Da wir direkt ab Werk liefern, sind unsere Preise dynamisch und \u00e4u\u00dferst wettbewerbsf\u00e4hig. Statt starrer Rabattstufen erhalten Sie bei uns einen pers\u00f6nlichen Account Manager, der eine individuelle Preisstrategie basierend auf Ihrem Volumen, Markt und Partnerschaftsmodell entwickelt. \n                        <\/p>\n                    <\/div>\n                <\/div>\n            <\/section>\n\n            <section class=\"vazpe-section\">\n                <h2 class=\"vazpe-title-lg\">Nehmen Sie noch heute Kontakt mit unserem Werk auf<\/h2>\n                \n                <div class=\"vazpe-highlight-box\">\n                    <h3 class=\"vazpe-title-md\">Bereit, Ihre Lieferkette zu optimieren?<\/h3>\n                    <p class=\"vazpe-text\">\n                        \u00dcberspringen Sie die Zwischenh\u00e4ndler. Sichern Sie Ihre Versorgung. Maximieren Sie Ihre Gewinne. Kontaktieren Sie noch heute unser globales B2B-Team, um Gro\u00dfhandels-, Vertriebs- oder OEM-M\u00f6glichkeiten zu besprechen.\n                    <\/p>\n                    \n                    <div class=\"vazpe-contact-info\">\n                        <div class=\"vazpe-contact-item\">\n                            <span class=\"vazpe-contact-label\">B2B &#038; VIP-Gro\u00dfhandel:<\/span>\n                            <span class=\"vazpe-contact-value\">\n                                <a href=\"mailto:wholesale@vazpe.com\">wholesale@vazpe.com<\/a>\n                            <\/span>\n                        <\/div>\n                        <div class=\"vazpe-contact-item\">\n                            <span class=\"vazpe-contact-label\">OEM \/ ODM-Anfragen:<\/span>\n                            <span class=\"vazpe-contact-value\">\n                                <a href=\"mailto:support@vazpe.com\">support@vazpe.com<\/a>\n                            <\/span>\n                        <\/div>\n                        <div class=\"vazpe-contact-item\">\n                            <span class=\"vazpe-contact-label\">Europ\u00e4isches B\u00fcro:<\/span>\n                            <span class=\"vazpe-contact-value\">\n                                Wohn Und Gesch\u00e4ftshaus<br>\n                                Friedrichstra\u00dfe 22<br>\n                                01067 Dresden, Germany<br>\n                                <span class=\"vazpe-contact-note\">(B\u00fcroadresse \u2013 nicht f\u00fcr Korrespondenz)<\/span>\n                            <\/span>\n                        <\/div>\n                    <\/div>\n                    \n                    <p class=\"vazpe-text vazpe-text-center\">\n                        <a href=\"\/de\/contact-us\/\" class=\"vazpe-btn vazpe-btn-secondary\">Individuelles Angebot anfordern<\/a>\n                    <\/p>\n                <\/div>\n            <\/section>\n\n            <section class=\"vazpe-section\">\n                <div class=\"vazpe-warning-box\">\n                    <h3 class=\"vazpe-title-md\">Wichtiger Hinweis<\/h3>\n                    <p class=\"vazpe-text\">\n                        <strong>Compliance zuerst:<\/strong> VAZPE-Produkte sind ausschlie\u00dflich f\u00fcr Erwachsene bestimmt. Alle Partner m\u00fcssen sicherstellen, dass sie die lokalen Gesetze zur Altersverifikation sowie die geltenden Vorschriften f\u00fcr E-Zigaretten\/Tabak in ihren jeweiligen Zust\u00e4ndigkeitsbereichen einhalten.\n                    <\/p>\n                <\/div>\n            <\/section>\n        <\/div>\n    <\/div>\n<\/div>\n\n\n\n<p><\/p>","protected":false},"excerpt":{"rendered":"<p>Gro\u00dfhandel, H\u00e4ndler- &#038; OEM-Programm Arbeiten Sie direkt mit dem Hersteller zusammen f\u00fcr unschlagbare Margen, Premium-Qualit\u00e4t und flexible Gesch\u00e4ftsl\u00f6sungen. Direkt<\/p>","protected":false},"author":1,"featured_media":0,"parent":0,"menu_order":0,"comment_status":"closed","ping_status":"closed","template":"","meta":{"footnotes":""},"class_list":["post-29246","page","type-page","status-publish","hentry"],"jetpack_sharing_enabled":true,"_links":{"self":[{"href":"https:\/\/vazpe.com\/de\/wp-json\/wp\/v2\/pages\/29246","targetHints":{"allow":["GET"]}}],"collection":[{"href":"https:\/\/vazpe.com\/de\/wp-json\/wp\/v2\/pages"}],"about":[{"href":"https:\/\/vazpe.com\/de\/wp-json\/wp\/v2\/types\/page"}],"author":[{"embeddable":true,"href":"https:\/\/vazpe.com\/de\/wp-json\/wp\/v2\/users\/1"}],"replies":[{"embeddable":true,"href":"https:\/\/vazpe.com\/de\/wp-json\/wp\/v2\/comments?post=29246"}],"version-history":[{"count":5,"href":"https:\/\/vazpe.com\/de\/wp-json\/wp\/v2\/pages\/29246\/revisions"}],"predecessor-version":[{"id":32827,"href":"https:\/\/vazpe.com\/de\/wp-json\/wp\/v2\/pages\/29246\/revisions\/32827"}],"wp:attachment":[{"href":"https:\/\/vazpe.com\/de\/wp-json\/wp\/v2\/media?parent=29246"}],"curies":[{"name":"wp","href":"https:\/\/api.w.org\/{rel}","templated":true}]}}